{"id":14,"date":"2021-11-21T15:14:19","date_gmt":"2021-11-21T15:14:19","guid":{"rendered":"https:\/\/katharinameyer.eu\/index.php\/about\/"},"modified":"2023-10-23T13:43:55","modified_gmt":"2023-10-23T11:43:55","slug":"about","status":"publish","type":"page","link":"https:\/\/katharinameyer.eu\/index.php\/about\/","title":{"rendered":"\u00dcber mich"},"content":{"rendered":"\t\t<div data-elementor-type=\"wp-page\" data-elementor-id=\"14\" class=\"elementor elementor-14\">\n\t\t\t\t\t\t\t\t\t<section class=\"elementor-section elementor-top-section elementor-element elementor-element-b07323c elementor-section-boxed elementor-section-height-default elementor-section-height-default\" data-id=\"b07323c\" data-element_type=\"section\">\n\t\t\t\t\t\t<div class=\"elementor-container elementor-column-gap-default\">\n\t\t\t\t\t<div class=\"elementor-column elementor-col-100 elementor-top-column elementor-element elementor-element-9cb05f2\" data-id=\"9cb05f2\" data-element_type=\"column\">\n\t\t\t<div class=\"elementor-widget-wrap elementor-element-populated\">\n\t\t\t\t\t\t\t\t<div class=\"elementor-element elementor-element-c57a5f2 elementor-widget elementor-widget-spacer\" data-id=\"c57a5f2\" data-element_type=\"widget\" data-widget_type=\"spacer.default\">\n\t\t\t\t<div class=\"elementor-widget-container\">\n\t\t\t<style>\/*! elementor - v3.17.0 - 08-11-2023 *\/\n.elementor-column .elementor-spacer-inner{height:var(--spacer-size)}.e-con{--container-widget-width:100%}.e-con-inner>.elementor-widget-spacer,.e-con>.elementor-widget-spacer{width:var(--container-widget-width,var(--spacer-size));--align-self:var(--container-widget-align-self,initial);--flex-shrink:0}.e-con-inner>.elementor-widget-spacer>.elementor-widget-container,.e-con>.elementor-widget-spacer>.elementor-widget-container{height:100%;width:100%}.e-con-inner>.elementor-widget-spacer>.elementor-widget-container>.elementor-spacer,.e-con>.elementor-widget-spacer>.elementor-widget-container>.elementor-spacer{height:100%}.e-con-inner>.elementor-widget-spacer>.elementor-widget-container>.elementor-spacer>.elementor-spacer-inner,.e-con>.elementor-widget-spacer>.elementor-widget-container>.elementor-spacer>.elementor-spacer-inner{height:var(--container-widget-height,var(--spacer-size))}.e-con-inner>.elementor-widget-spacer.elementor-widget-empty,.e-con>.elementor-widget-spacer.elementor-widget-empty{position:relative;min-height:22px;min-width:22px}.e-con-inner>.elementor-widget-spacer.elementor-widget-empty .elementor-widget-empty-icon,.e-con>.elementor-widget-spacer.elementor-widget-empty .elementor-widget-empty-icon{position:absolute;top:0;bottom:0;left:0;right:0;margin:auto;padding:0;width:22px;height:22px}<\/style>\t\t<div class=\"elementor-spacer\">\n\t\t\t<div class=\"elementor-spacer-inner\"><\/div>\n\t\t<\/div>\n\t\t\t\t<\/div>\n\t\t\t\t<\/div>\n\t\t\t\t\t<\/div>\n\t\t<\/div>\n\t\t\t\t\t\t\t<\/div>\n\t\t<\/section>\n\t\t\t\t<section class=\"elementor-section elementor-top-section elementor-element elementor-element-31a8478 elementor-section-boxed elementor-section-height-default elementor-section-height-default\" data-id=\"31a8478\" data-element_type=\"section\">\n\t\t\t\t\t\t<div class=\"elementor-container elementor-column-gap-default\">\n\t\t\t\t\t<div class=\"elementor-column elementor-col-66 elementor-top-column elementor-element elementor-element-d8ed649\" data-id=\"d8ed649\" data-element_type=\"column\">\n\t\t\t<div class=\"elementor-widget-wrap elementor-element-populated\">\n\t\t\t\t\t\t\t\t<div class=\"elementor-element elementor-element-83f0082 elementor-widget elementor-widget-spacer\" data-id=\"83f0082\" data-element_type=\"widget\" data-widget_type=\"spacer.default\">\n\t\t\t\t<div class=\"elementor-widget-container\">\n\t\t\t\t\t<div class=\"elementor-spacer\">\n\t\t\t<div class=\"elementor-spacer-inner\"><\/div>\n\t\t<\/div>\n\t\t\t\t<\/div>\n\t\t\t\t<\/div>\n\t\t\t\t<div class=\"elementor-element elementor-element-219e2d2 elementor-widget elementor-widget-heading\" data-id=\"219e2d2\" data-element_type=\"widget\" data-widget_type=\"heading.default\">\n\t\t\t\t<div class=\"elementor-widget-container\">\n\t\t\t<style>\/*! elementor - v3.17.0 - 08-11-2023 *\/\n.elementor-heading-title{padding:0;margin:0;line-height:1}.elementor-widget-heading .elementor-heading-title[class*=elementor-size-]>a{color:inherit;font-size:inherit;line-height:inherit}.elementor-widget-heading .elementor-heading-title.elementor-size-small{font-size:15px}.elementor-widget-heading .elementor-heading-title.elementor-size-medium{font-size:19px}.elementor-widget-heading .elementor-heading-title.elementor-size-large{font-size:29px}.elementor-widget-heading .elementor-heading-title.elementor-size-xl{font-size:39px}.elementor-widget-heading .elementor-heading-title.elementor-size-xxl{font-size:59px}<\/style><h4 class=\"elementor-heading-title elementor-size-default\">Katharina Meyer, BSc<\/h4>\t\t<\/div>\n\t\t\t\t<\/div>\n\t\t\t\t<div class=\"elementor-element elementor-element-5c0c6ff elementor-widget elementor-widget-text-editor\" data-id=\"5c0c6ff\" data-element_type=\"widget\" data-widget_type=\"text-editor.default\">\n\t\t\t\t<div class=\"elementor-widget-container\">\n\t\t\t<style>\/*! elementor - v3.17.0 - 08-11-2023 *\/\n.elementor-widget-text-editor.elementor-drop-cap-view-stacked .elementor-drop-cap{background-color:#69727d;color:#fff}.elementor-widget-text-editor.elementor-drop-cap-view-framed .elementor-drop-cap{color:#69727d;border:3px solid;background-color:transparent}.elementor-widget-text-editor:not(.elementor-drop-cap-view-default) .elementor-drop-cap{margin-top:8px}.elementor-widget-text-editor:not(.elementor-drop-cap-view-default) .elementor-drop-cap-letter{width:1em;height:1em}.elementor-widget-text-editor .elementor-drop-cap{float:left;text-align:center;line-height:1;font-size:50px}.elementor-widget-text-editor .elementor-drop-cap-letter{display:inline-block}<\/style>\t\t\t\t<p>Bewegung und Sport waren schon seit ich denken kann die Dinge, bei denen man mich am h\u00e4ufigsten mit einem Grinser im Gesicht erwischt hat. Fr\u00fcher war es der Fu\u00dfball und heute s\u00e4mtliche Outdoor-Aktivit\u00e4ten. Diese Leidenschaft f\u00fcr Bewegung hat mich zur Physiotherapie gebracht. Durch mein Studium und die Ausbildung zur Sportphysiotherapeutin konnte ich mir wissenschaftliches und medizinisches Hintergrundwissen aneignen, um Menschen zu helfen, ihre gro\u00dfe Leidenschaft (egal ob Sport, Beruf oder Alltag) nach einer Verletzung oder orthop\u00e4dischen Problemen wieder durchf\u00fchren zu k\u00f6nnen. Besonders gef\u00e4llt mir an der Arbeit, dass ich gemeinsam mit den Patient:innen auf Detektivarbeit gehen kann. Der Vorteil in unserem Setting im Vergleich zu Sherlock Holmes ist, dass wir ein gemeinsames Ziel definieren k\u00f6nnen und dadurch aktiv und individuell darauf hinarbeiten werden. Der Fall ist abgeschlossen, wenn dieses Ziel erreicht ist.<\/p>\t\t\t\t\t\t<\/div>\n\t\t\t\t<\/div>\n\t\t\t\t\t<\/div>\n\t\t<\/div>\n\t\t\t\t<div class=\"elementor-column elementor-col-33 elementor-top-column elementor-element elementor-element-d7147d8\" data-id=\"d7147d8\" data-element_type=\"column\">\n\t\t\t<div class=\"elementor-widget-wrap elementor-element-populated\">\n\t\t\t\t\t\t\t\t<div class=\"elementor-element elementor-element-59e8591 elementor-widget elementor-widget-spacer\" data-id=\"59e8591\" data-element_type=\"widget\" data-widget_type=\"spacer.default\">\n\t\t\t\t<div class=\"elementor-widget-container\">\n\t\t\t\t\t<div class=\"elementor-spacer\">\n\t\t\t<div class=\"elementor-spacer-inner\"><\/div>\n\t\t<\/div>\n\t\t\t\t<\/div>\n\t\t\t\t<\/div>\n\t\t\t\t<div class=\"elementor-element elementor-element-50b61b9 elementor-widget elementor-widget-image\" data-id=\"50b61b9\" data-element_type=\"widget\" data-widget_type=\"image.default\">\n\t\t\t\t<div class=\"elementor-widget-container\">\n\t\t\t<style>\/*! elementor - v3.17.0 - 08-11-2023 *\/\n.elementor-widget-image{text-align:center}.elementor-widget-image a{display:inline-block}.elementor-widget-image a img[src$=\".svg\"]{width:48px}.elementor-widget-image img{vertical-align:middle;display:inline-block}<\/style>\t\t\t\t\t\t\t\t\t\t\t\t<img decoding=\"async\" width=\"1563\" height=\"1563\" src=\"https:\/\/katharinameyer.eu\/wp-content\/uploads\/2023\/10\/Website_Foto2.png\" class=\"attachment-full size-full wp-image-1796\" alt=\"\" loading=\"lazy\" srcset=\"https:\/\/katharinameyer.eu\/wp-content\/uploads\/2023\/10\/Website_Foto2.png 1563w, https:\/\/katharinameyer.eu\/wp-content\/uploads\/2023\/10\/Website_Foto2-300x300.png 300w, https:\/\/katharinameyer.eu\/wp-content\/uploads\/2023\/10\/Website_Foto2-1024x1024.png 1024w, https:\/\/katharinameyer.eu\/wp-content\/uploads\/2023\/10\/Website_Foto2-150x150.png 150w, https:\/\/katharinameyer.eu\/wp-content\/uploads\/2023\/10\/Website_Foto2-768x768.png 768w, https:\/\/katharinameyer.eu\/wp-content\/uploads\/2023\/10\/Website_Foto2-1536x1536.png 1536w\" sizes=\"(max-width: 1563px) 100vw, 1563px\" \/>\t\t\t\t\t\t\t\t\t\t\t\t\t\t\t<\/div>\n\t\t\t\t<\/div>\n\t\t\t\t\t<\/div>\n\t\t<\/div>\n\t\t\t\t\t\t\t<\/div>\n\t\t<\/section>\n\t\t\t\t<section class=\"elementor-section elementor-top-section elementor-element elementor-element-06ddb4a elementor-section-boxed elementor-section-height-default elementor-section-height-default\" data-id=\"06ddb4a\" data-element_type=\"section\">\n\t\t\t\t\t\t<div class=\"elementor-container elementor-column-gap-default\">\n\t\t\t\t\t<div class=\"elementor-column elementor-col-100 elementor-top-column elementor-element elementor-element-c3fef2d\" data-id=\"c3fef2d\" data-element_type=\"column\">\n\t\t\t<div class=\"elementor-widget-wrap\">\n\t\t\t\t\t\t\t\t\t<\/div>\n\t\t<\/div>\n\t\t\t\t\t\t\t<\/div>\n\t\t<\/section>\n\t\t\t\t<section class=\"elementor-section elementor-top-section elementor-element elementor-element-f3831dc elementor-section-boxed elementor-section-height-default elementor-section-height-default\" data-id=\"f3831dc\" data-element_type=\"section\">\n\t\t\t\t\t\t<div class=\"elementor-container elementor-column-gap-default\">\n\t\t\t\t\t<div class=\"elementor-column elementor-col-33 elementor-top-column elementor-element elementor-element-867d016\" data-id=\"867d016\" data-element_type=\"column\">\n\t\t\t<div class=\"elementor-widget-wrap\">\n\t\t\t\t\t\t\t\t\t<\/div>\n\t\t<\/div>\n\t\t\t\t<div class=\"elementor-column elementor-col-33 elementor-top-column elementor-element elementor-element-d3adc96\" data-id=\"d3adc96\" data-element_type=\"column\">\n\t\t\t<div class=\"elementor-widget-wrap elementor-element-populated\">\n\t\t\t\t\t\t\t\t<div class=\"elementor-element elementor-element-c1be865 elementor-widget elementor-widget-text-editor\" data-id=\"c1be865\" data-element_type=\"widget\" data-widget_type=\"text-editor.default\">\n\t\t\t\t<div class=\"elementor-widget-container\">\n\t\t\t\t\t\t\t<p><i>&#8222;You fail, because you don`t believe&#8220; <br \/><\/i><i>\u00a0Yoda<\/i><\/p>\t\t\t\t\t\t<\/div>\n\t\t\t\t<\/div>\n\t\t\t\t\t<\/div>\n\t\t<\/div>\n\t\t\t\t<div class=\"elementor-column elementor-col-33 elementor-top-column elementor-element elementor-element-3061c42\" data-id=\"3061c42\" data-element_type=\"column\">\n\t\t\t<div class=\"elementor-widget-wrap\">\n\t\t\t\t\t\t\t\t\t<\/div>\n\t\t<\/div>\n\t\t\t\t\t\t\t<\/div>\n\t\t<\/section>\n\t\t\t\t<section class=\"elementor-section elementor-top-section elementor-element elementor-element-c416fee elementor-section-boxed elementor-section-height-default elementor-section-height-default\" data-id=\"c416fee\" data-element_type=\"section\">\n\t\t\t\t\t\t<div class=\"elementor-container elementor-column-gap-default\">\n\t\t\t\t\t<div class=\"elementor-column elementor-col-100 elementor-top-column elementor-element elementor-element-4e5ac5c\" data-id=\"4e5ac5c\" data-element_type=\"column\">\n\t\t\t<div class=\"elementor-widget-wrap\">\n\t\t\t\t\t\t\t\t\t<\/div>\n\t\t<\/div>\n\t\t\t\t\t\t\t<\/div>\n\t\t<\/section>\n\t\t\t\t<section class=\"elementor-section elementor-top-section elementor-element elementor-element-952c4f6 elementor-section-boxed elementor-section-height-default elementor-section-height-default\" data-id=\"952c4f6\" data-element_type=\"section\">\n\t\t\t\t\t\t<div class=\"elementor-container elementor-column-gap-default\">\n\t\t\t\t\t<div class=\"elementor-column elementor-col-33 elementor-top-column elementor-element elementor-element-979143f\" data-id=\"979143f\" data-element_type=\"column\">\n\t\t\t<div class=\"elementor-widget-wrap elementor-element-populated\">\n\t\t\t\t\t\t\t\t<div class=\"elementor-element elementor-element-626b5cf elementor-widget__width-initial elementor-widget elementor-widget-image\" data-id=\"626b5cf\" data-element_type=\"widget\" data-widget_type=\"image.default\">\n\t\t\t\t<div class=\"elementor-widget-container\">\n\t\t\t\t\t\t\t\t\t\t\t\t\t\t\t<img decoding=\"async\" width=\"1516\" height=\"2048\" src=\"https:\/\/katharinameyer.eu\/wp-content\/uploads\/2023\/07\/IMG_0340-1516x2048.jpg\" class=\"attachment-2048x2048 size-2048x2048 wp-image-1411\" alt=\"\" loading=\"lazy\" srcset=\"https:\/\/katharinameyer.eu\/wp-content\/uploads\/2023\/07\/IMG_0340-1516x2048.jpg 1516w, https:\/\/katharinameyer.eu\/wp-content\/uploads\/2023\/07\/IMG_0340-222x300.jpg 222w, https:\/\/katharinameyer.eu\/wp-content\/uploads\/2023\/07\/IMG_0340-758x1024.jpg 758w, https:\/\/katharinameyer.eu\/wp-content\/uploads\/2023\/07\/IMG_0340-768x1038.jpg 768w, https:\/\/katharinameyer.eu\/wp-content\/uploads\/2023\/07\/IMG_0340-1137x1536.jpg 1137w, https:\/\/katharinameyer.eu\/wp-content\/uploads\/2023\/07\/IMG_0340-scaled.jpg 1895w\" sizes=\"(max-width: 1516px) 100vw, 1516px\" \/>\t\t\t\t\t\t\t\t\t\t\t\t\t\t\t<\/div>\n\t\t\t\t<\/div>\n\t\t\t\t\t<\/div>\n\t\t<\/div>\n\t\t\t\t<div class=\"elementor-column elementor-col-66 elementor-top-column elementor-element elementor-element-aaac1f0\" data-id=\"aaac1f0\" data-element_type=\"column\">\n\t\t\t<div class=\"elementor-widget-wrap elementor-element-populated\">\n\t\t\t\t\t\t\t\t<div class=\"elementor-element elementor-element-f8cc85b elementor-widget elementor-widget-heading\" data-id=\"f8cc85b\" data-element_type=\"widget\" data-widget_type=\"heading.default\">\n\t\t\t\t<div class=\"elementor-widget-container\">\n\t\t\t<h4 class=\"elementor-heading-title elementor-size-default\">Fortbildungen<\/h4>\t\t<\/div>\n\t\t\t\t<\/div>\n\t\t\t\t<section class=\"elementor-section elementor-inner-section elementor-element elementor-element-faba03d elementor-section-boxed elementor-section-height-default elementor-section-height-default\" data-id=\"faba03d\" data-element_type=\"section\">\n\t\t\t\t\t\t<div class=\"elementor-container elementor-column-gap-default\">\n\t\t\t\t\t<div class=\"elementor-column elementor-col-100 elementor-inner-column elementor-element elementor-element-2dde1ec\" data-id=\"2dde1ec\" data-element_type=\"column\">\n\t\t\t<div class=\"elementor-widget-wrap elementor-element-populated\">\n\t\t\t\t\t\t\t\t<div class=\"elementor-element elementor-element-f319ab9 elementor-widget-mobile__width-initial elementor-widget elementor-widget-text-editor\" data-id=\"f319ab9\" data-element_type=\"widget\" data-widget_type=\"text-editor.default\">\n\t\t\t\t<div class=\"elementor-widget-container\">\n\t\t\t\t\t\t\t<p style=\"text-align: left;\"><strong>2022<\/strong> Impuls Integrative Sportphysiotherapie<br \/><strong>2021<\/strong> FDM<br \/><strong>2020<\/strong> BSc Physiotherapie FH Krems<br \/><strong>2017<\/strong> Snowboard Anw\u00e4rter SBSSV<\/p>\t\t\t\t\t\t<\/div>\n\t\t\t\t<\/div>\n\t\t\t\t\t<\/div>\n\t\t<\/div>\n\t\t\t\t\t\t\t<\/div>\n\t\t<\/section>\n\t\t\t\t<div class=\"elementor-element elementor-element-c66a5de elementor-widget elementor-widget-heading\" data-id=\"c66a5de\" data-element_type=\"widget\" data-widget_type=\"heading.default\">\n\t\t\t\t<div class=\"elementor-widget-container\">\n\t\t\t<h4 class=\"elementor-heading-title elementor-size-default\">Beruflicher Werdegang<\/h4>\t\t<\/div>\n\t\t\t\t<\/div>\n\t\t\t\t<section class=\"elementor-section elementor-inner-section elementor-element elementor-element-a663394 elementor-section-boxed elementor-section-height-default elementor-section-height-default\" data-id=\"a663394\" data-element_type=\"section\">\n\t\t\t\t\t\t<div class=\"elementor-container elementor-column-gap-default\">\n\t\t\t\t\t<div class=\"elementor-column elementor-col-100 elementor-inner-column elementor-element elementor-element-69ee88d\" data-id=\"69ee88d\" data-element_type=\"column\">\n\t\t\t<div class=\"elementor-widget-wrap elementor-element-populated\">\n\t\t\t\t\t\t\t\t<div class=\"elementor-element elementor-element-da1391d elementor-widget elementor-widget-text-editor\" data-id=\"da1391d\" data-element_type=\"widget\" data-widget_type=\"text-editor.default\">\n\t\t\t\t<div class=\"elementor-widget-container\">\n\t\t\t\t\t\t\t<p style=\"text-align: left;\"><strong>Seit 10\/2023 <\/strong>freiberufliche Physiotherapeutin<br \/><strong>02\/2023<\/strong> Snowboardlehrerin\/M\u00fchlbach<br \/><strong>Seit 05\/2022\u00a0 <\/strong>Verk\u00e4uferin\/Cube Store<br \/><strong>02-04\/2022<\/strong><strong>\u00a0<\/strong>Pistendienst\/M\u00fchlbach<br \/><strong>01-04\/2022 <\/strong>Snowboardlehrerin\/M\u00fchlbach<br \/><strong>01-12\/2021 <\/strong>Physiotherapeutin\/MedSpace<br \/><strong>04-06\/2021 <\/strong>Helferin Covid Teststation\u00a0<br \/><strong>09-11\/2020<\/strong> Physiotherapeutin\/SV LE Damen<\/p>\t\t\t\t\t\t<\/div>\n\t\t\t\t<\/div>\n\t\t\t\t\t<\/div>\n\t\t<\/div>\n\t\t\t\t\t\t\t<\/div>\n\t\t<\/section>\n\t\t\t\t<div class=\"elementor-element elementor-element-9dd400a elementor-widget elementor-widget-heading\" data-id=\"9dd400a\" data-element_type=\"widget\" data-widget_type=\"heading.default\">\n\t\t\t\t<div class=\"elementor-widget-container\">\n\t\t\t<h4 class=\"elementor-heading-title elementor-size-default\">Sportliche Schwerpunkte<\/h4>\t\t<\/div>\n\t\t\t\t<\/div>\n\t\t\t\t<div class=\"elementor-element elementor-element-75d6b90 elementor-widget elementor-widget-text-editor\" data-id=\"75d6b90\" data-element_type=\"widget\" data-widget_type=\"text-editor.default\">\n\t\t\t\t<div class=\"elementor-widget-container\">\n\t\t\t\t\t\t\t<p>Ski Touren\u00a0 \u00a0 \u00a0 \u00a0 \u00a0 \u00a0 Mountain Biken<br \/>Ski fahren\u00a0 \u00a0 \u00a0 \u00a0 \u00a0 \u00a0 \u00a0Klettern<br \/>Snowboarden\u00a0 \u00a0 \u00a0 Bergsteigen<br \/>Fu\u00dfball\u00a0 \u00a0 \u00a0 \u00a0 \u00a0 \u00a0 \u00a0 \u00a0 \u00a0 Laufen<br \/>Stop and Go<\/p>\t\t\t\t\t\t<\/div>\n\t\t\t\t<\/div>\n\t\t\t\t\t<\/div>\n\t\t<\/div>\n\t\t\t\t\t\t\t<\/div>\n\t\t<\/section>\n\t\t\t\t\t\t\t<\/div>\n\t\t","protected":false},"excerpt":{"rendered":"<p>Katharina Meyer, BSc Bewegung und Sport waren schon seit ich denken kann die Dinge, bei denen man mich am h\u00e4ufigsten mit einem Grinser im Gesicht erwischt hat. Fr\u00fcher war es der Fu\u00dfball und heute s\u00e4mtliche Outdoor-Aktivit\u00e4ten. Diese Leidenschaft f\u00fcr Bewegung hat mich zur Physiotherapie gebracht. Durch mein Studium und die Ausbildung zur Sportphysiotherapeutin konnte ich &hellip;<\/p>\n<p class=\"read-more\"> <a class=\"\" href=\"https:\/\/katharinameyer.eu\/index.php\/about\/\"> <span class=\"screen-reader-text\">\u00dcber mich<\/span> Read More &raquo;<\/a><\/p>\n","protected":false},"author":1,"featured_media":0,"parent":0,"menu_order":0,"comment_status":"closed","ping_status":"closed","template":"","meta":{"site-sidebar-layout":"no-sidebar","site-content-layout":"page-builder","ast-global-header-display":"","ast-banner-title-visibility":"","ast-main-header-display":"","ast-hfb-above-header-display":"","ast-hfb-below-header-display":"","ast-hfb-mobile-header-display":"","site-post-title":"disabled","ast-breadcrumbs-content":"","ast-featured-img":"disabled","footer-sml-layout":"","theme-transparent-header-meta":"enabled","adv-header-id-meta":"","stick-header-meta":"","header-above-stick-meta":"","header-main-stick-meta":"","header-below-stick-meta":""},"yoast_head":"<!-- This site is optimized with the Yoast SEO plugin v21.5 - https:\/\/yoast.com\/wordpress\/plugins\/seo\/ -->\n<title>\u00dcber mich -<\/title>\n<meta name=\"robots\" content=\"index, follow, max-snippet:-1, max-image-preview:large, max-video-preview:-1\" \/>\n<link rel=\"canonical\" href=\"https:\/\/katharinameyer.eu\/index.php\/about\/\" \/>\n<meta property=\"og:locale\" content=\"de_DE\" \/>\n<meta property=\"og:type\" content=\"article\" \/>\n<meta property=\"og:title\" content=\"\u00dcber mich -\" \/>\n<meta property=\"og:description\" content=\"Katharina Meyer, BSc Bewegung und Sport waren schon seit ich denken kann die Dinge, bei denen man mich am h\u00e4ufigsten mit einem Grinser im Gesicht erwischt hat. Fr\u00fcher war es der Fu\u00dfball und heute s\u00e4mtliche Outdoor-Aktivit\u00e4ten. Diese Leidenschaft f\u00fcr Bewegung hat mich zur Physiotherapie gebracht. Durch mein Studium und die Ausbildung zur Sportphysiotherapeutin konnte ich &hellip; \u00dcber mich Read More &raquo;\" \/>\n<meta property=\"og:url\" content=\"https:\/\/katharinameyer.eu\/index.php\/about\/\" \/>\n<meta property=\"article:modified_time\" content=\"2023-10-23T11:43:55+00:00\" \/>\n<meta property=\"og:image\" content=\"http:\/\/katharinameyer.eu\/wp-content\/uploads\/2023\/10\/Website_Foto2.png\" \/>\n<meta name=\"twitter:card\" content=\"summary_large_image\" \/>\n<meta name=\"twitter:label1\" content=\"Gesch\u00e4tzte Lesezeit\" \/>\n\t<meta name=\"twitter:data1\" content=\"2 Minuten\" \/>\n<script type=\"application\/ld+json\" class=\"yoast-schema-graph\">{\"@context\":\"https:\/\/schema.org\",\"@graph\":[{\"@type\":\"WebPage\",\"@id\":\"https:\/\/katharinameyer.eu\/index.php\/about\/\",\"url\":\"https:\/\/katharinameyer.eu\/index.php\/about\/\",\"name\":\"\u00dcber mich -\",\"isPartOf\":{\"@id\":\"https:\/\/katharinameyer.eu\/#website\"},\"datePublished\":\"2021-11-21T15:14:19+00:00\",\"dateModified\":\"2023-10-23T11:43:55+00:00\",\"breadcrumb\":{\"@id\":\"https:\/\/katharinameyer.eu\/index.php\/about\/#breadcrumb\"},\"inLanguage\":\"de-AT\",\"potentialAction\":[{\"@type\":\"ReadAction\",\"target\":[\"https:\/\/katharinameyer.eu\/index.php\/about\/\"]}]},{\"@type\":\"BreadcrumbList\",\"@id\":\"https:\/\/katharinameyer.eu\/index.php\/about\/#breadcrumb\",\"itemListElement\":[{\"@type\":\"ListItem\",\"position\":1,\"name\":\"Startseite\",\"item\":\"https:\/\/katharinameyer.eu\/\"},{\"@type\":\"ListItem\",\"position\":2,\"name\":\"\u00dcber mich\"}]},{\"@type\":\"WebSite\",\"@id\":\"https:\/\/katharinameyer.eu\/#website\",\"url\":\"https:\/\/katharinameyer.eu\/\",\"name\":\"\",\"description\":\"\",\"potentialAction\":[{\"@type\":\"SearchAction\",\"target\":{\"@type\":\"EntryPoint\",\"urlTemplate\":\"https:\/\/katharinameyer.eu\/?s={search_term_string}\"},\"query-input\":\"required name=search_term_string\"}],\"inLanguage\":\"de-AT\"}]}<\/script>\n<!-- \/ Yoast SEO plugin. -->","yoast_head_json":{"title":"\u00dcber mich -","robots":{"index":"index","follow":"follow","max-snippet":"max-snippet:-1","max-image-preview":"max-image-preview:large","max-video-preview":"max-video-preview:-1"},"canonical":"https:\/\/katharinameyer.eu\/index.php\/about\/","og_locale":"de_DE","og_type":"article","og_title":"\u00dcber mich -","og_description":"Katharina Meyer, BSc Bewegung und Sport waren schon seit ich denken kann die Dinge, bei denen man mich am h\u00e4ufigsten mit einem Grinser im Gesicht erwischt hat. Fr\u00fcher war es der Fu\u00dfball und heute s\u00e4mtliche Outdoor-Aktivit\u00e4ten. Diese Leidenschaft f\u00fcr Bewegung hat mich zur Physiotherapie gebracht. Durch mein Studium und die Ausbildung zur Sportphysiotherapeutin konnte ich &hellip; \u00dcber mich Read More &raquo;","og_url":"https:\/\/katharinameyer.eu\/index.php\/about\/","article_modified_time":"2023-10-23T11:43:55+00:00","og_image":[{"url":"http:\/\/katharinameyer.eu\/wp-content\/uploads\/2023\/10\/Website_Foto2.png"}],"twitter_card":"summary_large_image","twitter_misc":{"Gesch\u00e4tzte Lesezeit":"2 Minuten"},"schema":{"@context":"https:\/\/schema.org","@graph":[{"@type":"WebPage","@id":"https:\/\/katharinameyer.eu\/index.php\/about\/","url":"https:\/\/katharinameyer.eu\/index.php\/about\/","name":"\u00dcber mich -","isPartOf":{"@id":"https:\/\/katharinameyer.eu\/#website"},"datePublished":"2021-11-21T15:14:19+00:00","dateModified":"2023-10-23T11:43:55+00:00","breadcrumb":{"@id":"https:\/\/katharinameyer.eu\/index.php\/about\/#breadcrumb"},"inLanguage":"de-AT","potentialAction":[{"@type":"ReadAction","target":["https:\/\/katharinameyer.eu\/index.php\/about\/"]}]},{"@type":"BreadcrumbList","@id":"https:\/\/katharinameyer.eu\/index.php\/about\/#breadcrumb","itemListElement":[{"@type":"ListItem","position":1,"name":"Startseite","item":"https:\/\/katharinameyer.eu\/"},{"@type":"ListItem","position":2,"name":"\u00dcber mich"}]},{"@type":"WebSite","@id":"https:\/\/katharinameyer.eu\/#website","url":"https:\/\/katharinameyer.eu\/","name":"","description":"","potentialAction":[{"@type":"SearchAction","target":{"@type":"EntryPoint","urlTemplate":"https:\/\/katharinameyer.eu\/?s={search_term_string}"},"query-input":"required name=search_term_string"}],"inLanguage":"de-AT"}]}},"_links":{"self":[{"href":"https:\/\/katharinameyer.eu\/index.php\/wp-json\/wp\/v2\/pages\/14"}],"collection":[{"href":"https:\/\/katharinameyer.eu\/index.php\/wp-json\/wp\/v2\/pages"}],"about":[{"href":"https:\/\/katharinameyer.eu\/index.php\/wp-json\/wp\/v2\/types\/page"}],"author":[{"embeddable":true,"href":"https:\/\/katharinameyer.eu\/index.php\/wp-json\/wp\/v2\/users\/1"}],"replies":[{"embeddable":true,"href":"https:\/\/katharinameyer.eu\/index.php\/wp-json\/wp\/v2\/comments?post=14"}],"version-history":[{"count":53,"href":"https:\/\/katharinameyer.eu\/index.php\/wp-json\/wp\/v2\/pages\/14\/revisions"}],"predecessor-version":[{"id":1847,"href":"https:\/\/katharinameyer.eu\/index.php\/wp-json\/wp\/v2\/pages\/14\/revisions\/1847"}],"wp:attachment":[{"href":"https:\/\/katharinameyer.eu\/index.php\/wp-json\/wp\/v2\/media?parent=14"}],"curies":[{"name":"wp","href":"https:\/\/api.w.org\/{rel}","templated":true}]}}