{"id":1442,"date":"2023-07-11T15:09:38","date_gmt":"2023-07-11T13:09:38","guid":{"rendered":"https:\/\/katharinameyer.eu\/?page_id=1442"},"modified":"2023-10-24T18:54:07","modified_gmt":"2023-10-24T16:54:07","slug":"physiotherapie-info","status":"publish","type":"page","link":"https:\/\/katharinameyer.eu\/index.php\/physiotherapie-info\/","title":{"rendered":"Physiotherapie Info"},"content":{"rendered":"\t\t<div data-elementor-type=\"wp-page\" data-elementor-id=\"1442\" class=\"elementor elementor-1442\">\n\t\t\t\t\t\t\t\t\t<section class=\"elementor-section elementor-top-section elementor-element elementor-element-e5d39c4 elementor-section-boxed elementor-section-height-default elementor-section-height-default\" data-id=\"e5d39c4\" data-element_type=\"section\" data-settings=\"{&quot;background_background&quot;:&quot;slideshow&quot;,&quot;background_slideshow_gallery&quot;:[],&quot;background_slideshow_loop&quot;:&quot;yes&quot;,&quot;background_slideshow_slide_duration&quot;:5000,&quot;background_slideshow_slide_transition&quot;:&quot;fade&quot;,&quot;background_slideshow_transition_duration&quot;:500}\">\n\t\t\t\t\t\t<div class=\"elementor-container elementor-column-gap-default\">\n\t\t\t\t\t<div class=\"elementor-column elementor-col-100 elementor-top-column elementor-element elementor-element-e306cc9\" data-id=\"e306cc9\" data-element_type=\"column\">\n\t\t\t<div class=\"elementor-widget-wrap elementor-element-populated\">\n\t\t\t\t\t\t\t\t<div class=\"elementor-element elementor-element-658ad78 elementor-widget elementor-widget-image\" data-id=\"658ad78\" data-element_type=\"widget\" data-widget_type=\"image.default\">\n\t\t\t\t<div class=\"elementor-widget-container\">\n\t\t\t<style>\/*! elementor - v3.17.0 - 08-11-2023 *\/\n.elementor-widget-image{text-align:center}.elementor-widget-image a{display:inline-block}.elementor-widget-image a img[src$=\".svg\"]{width:48px}.elementor-widget-image img{vertical-align:middle;display:inline-block}<\/style>\t\t\t\t\t\t\t\t\t\t\t\t<img decoding=\"async\" src=\"https:\/\/katharinameyer.eu\/wp-content\/uploads\/2023\/09\/32.png\" title=\"32\" alt=\"32\" loading=\"lazy\" \/>\t\t\t\t\t\t\t\t\t\t\t\t\t\t\t<\/div>\n\t\t\t\t<\/div>\n\t\t\t\t\t<\/div>\n\t\t<\/div>\n\t\t\t\t\t\t\t<\/div>\n\t\t<\/section>\n\t\t\t\t<section class=\"elementor-section elementor-top-section elementor-element elementor-element-897d016 elementor-section-boxed elementor-section-height-default elementor-section-height-default\" data-id=\"897d016\" data-element_type=\"section\">\n\t\t\t\t\t\t<div class=\"elementor-container elementor-column-gap-default\">\n\t\t\t\t\t<div class=\"elementor-column elementor-col-100 elementor-top-column elementor-element elementor-element-85a06c6\" data-id=\"85a06c6\" data-element_type=\"column\">\n\t\t\t<div class=\"elementor-widget-wrap elementor-element-populated\">\n\t\t\t\t\t\t\t\t<div class=\"elementor-element elementor-element-207d5f7 elementor-widget elementor-widget-heading\" data-id=\"207d5f7\" data-element_type=\"widget\" data-widget_type=\"heading.default\">\n\t\t\t\t<div class=\"elementor-widget-container\">\n\t\t\t<style>\/*! elementor - v3.17.0 - 08-11-2023 *\/\n.elementor-heading-title{padding:0;margin:0;line-height:1}.elementor-widget-heading .elementor-heading-title[class*=elementor-size-]>a{color:inherit;font-size:inherit;line-height:inherit}.elementor-widget-heading .elementor-heading-title.elementor-size-small{font-size:15px}.elementor-widget-heading .elementor-heading-title.elementor-size-medium{font-size:19px}.elementor-widget-heading .elementor-heading-title.elementor-size-large{font-size:29px}.elementor-widget-heading .elementor-heading-title.elementor-size-xl{font-size:39px}.elementor-widget-heading .elementor-heading-title.elementor-size-xxl{font-size:59px}<\/style><h4 class=\"elementor-heading-title elementor-size-default\">Physiotherapie<\/h4>\t\t<\/div>\n\t\t\t\t<\/div>\n\t\t\t\t\t<\/div>\n\t\t<\/div>\n\t\t\t\t\t\t\t<\/div>\n\t\t<\/section>\n\t\t\t\t<section class=\"elementor-section elementor-top-section elementor-element elementor-element-51f1d30 elementor-section-boxed elementor-section-height-default elementor-section-height-default\" data-id=\"51f1d30\" data-element_type=\"section\">\n\t\t\t\t\t\t<div class=\"elementor-container elementor-column-gap-default\">\n\t\t\t\t\t<div class=\"elementor-column elementor-col-100 elementor-top-column elementor-element elementor-element-0bb2be5\" data-id=\"0bb2be5\" data-element_type=\"column\">\n\t\t\t<div class=\"elementor-widget-wrap elementor-element-populated\">\n\t\t\t\t\t\t\t\t<div class=\"elementor-element elementor-element-c06b254 elementor-widget__width-initial elementor-widget elementor-widget-text-editor\" data-id=\"c06b254\" data-element_type=\"widget\" data-widget_type=\"text-editor.default\">\n\t\t\t\t<div class=\"elementor-widget-container\">\n\t\t\t<style>\/*! elementor - v3.17.0 - 08-11-2023 *\/\n.elementor-widget-text-editor.elementor-drop-cap-view-stacked .elementor-drop-cap{background-color:#69727d;color:#fff}.elementor-widget-text-editor.elementor-drop-cap-view-framed .elementor-drop-cap{color:#69727d;border:3px solid;background-color:transparent}.elementor-widget-text-editor:not(.elementor-drop-cap-view-default) .elementor-drop-cap{margin-top:8px}.elementor-widget-text-editor:not(.elementor-drop-cap-view-default) .elementor-drop-cap-letter{width:1em;height:1em}.elementor-widget-text-editor .elementor-drop-cap{float:left;text-align:center;line-height:1;font-size:50px}.elementor-widget-text-editor .elementor-drop-cap-letter{display:inline-block}<\/style>\t\t\t\t<p>Ziel der Physiotherapie ist es, nach Verletzungen, Operationen oder orthop\u00e4dischen Problemen, den k\u00f6rpereigenen Heilungsprozess zu unterst\u00fctzen und durch gezieltes Training und angepasste Regeneration Ihre optimale Form wiederherzustellen. Ich erstelle Ihnen einen pers\u00f6nlichen Reha Plan, welcher auf Ihr Ziel angepasst ist.<br \/>Um dieses Ziel zu erreichen, werden wir gemeinsam aktive \u00dcbungen erarbeiten, welche Sie selbstst\u00e4ndig durchf\u00fchren k\u00f6nnen. So k\u00f6nnen Sie jeden Tag an Ihrem Ziel arbeiten. Unterst\u00fctzend werden auch passive Techniken angewendet. (z.B.: Massagen oder Faszien-Techniken)<\/p>\t\t\t\t\t\t<\/div>\n\t\t\t\t<\/div>\n\t\t\t\t\t<\/div>\n\t\t<\/div>\n\t\t\t\t\t\t\t<\/div>\n\t\t<\/section>\n\t\t\t\t<section class=\"elementor-section elementor-top-section elementor-element elementor-element-cc21145 elementor-section-boxed elementor-section-height-default elementor-section-height-default\" data-id=\"cc21145\" data-element_type=\"section\">\n\t\t\t\t\t\t<div class=\"elementor-container elementor-column-gap-default\">\n\t\t\t\t\t<div class=\"elementor-column elementor-col-100 elementor-top-column elementor-element elementor-element-0db751c\" data-id=\"0db751c\" data-element_type=\"column\">\n\t\t\t<div class=\"elementor-widget-wrap elementor-element-populated\">\n\t\t\t\t\t\t\t\t<div class=\"elementor-element elementor-element-ad47f4e elementor-align-center elementor-widget elementor-widget-button\" data-id=\"ad47f4e\" data-element_type=\"widget\" data-widget_type=\"button.default\">\n\t\t\t\t<div class=\"elementor-widget-container\">\n\t\t\t\t\t<div class=\"elementor-button-wrapper\">\n\t\t\t<a class=\"elementor-button elementor-button-link elementor-size-sm\" href=\"https:\/\/katharinameyer.eu\/index.php\/contact\/\">\n\t\t\t\t\t\t<span class=\"elementor-button-content-wrapper\">\n\t\t\t\t\t\t<span class=\"elementor-button-text\">Termine<\/span>\n\t\t<\/span>\n\t\t\t\t\t<\/a>\n\t\t<\/div>\n\t\t\t\t<\/div>\n\t\t\t\t<\/div>\n\t\t\t\t\t<\/div>\n\t\t<\/div>\n\t\t\t\t\t\t\t<\/div>\n\t\t<\/section>\n\t\t\t\t<section class=\"elementor-section elementor-top-section elementor-element elementor-element-c382a17 elementor-section-boxed elementor-section-height-default elementor-section-height-default\" data-id=\"c382a17\" data-element_type=\"section\">\n\t\t\t\t\t\t<div class=\"elementor-container elementor-column-gap-default\">\n\t\t\t\t\t<div class=\"elementor-column elementor-col-100 elementor-top-column elementor-element elementor-element-7e46159\" data-id=\"7e46159\" data-element_type=\"column\">\n\t\t\t<div class=\"elementor-widget-wrap elementor-element-populated\">\n\t\t\t\t\t\t\t\t<div class=\"elementor-element elementor-element-72e00f6 elementor-widget elementor-widget-spacer\" data-id=\"72e00f6\" data-element_type=\"widget\" data-widget_type=\"spacer.default\">\n\t\t\t\t<div class=\"elementor-widget-container\">\n\t\t\t<style>\/*! elementor - v3.17.0 - 08-11-2023 *\/\n.elementor-column .elementor-spacer-inner{height:var(--spacer-size)}.e-con{--container-widget-width:100%}.e-con-inner>.elementor-widget-spacer,.e-con>.elementor-widget-spacer{width:var(--container-widget-width,var(--spacer-size));--align-self:var(--container-widget-align-self,initial);--flex-shrink:0}.e-con-inner>.elementor-widget-spacer>.elementor-widget-container,.e-con>.elementor-widget-spacer>.elementor-widget-container{height:100%;width:100%}.e-con-inner>.elementor-widget-spacer>.elementor-widget-container>.elementor-spacer,.e-con>.elementor-widget-spacer>.elementor-widget-container>.elementor-spacer{height:100%}.e-con-inner>.elementor-widget-spacer>.elementor-widget-container>.elementor-spacer>.elementor-spacer-inner,.e-con>.elementor-widget-spacer>.elementor-widget-container>.elementor-spacer>.elementor-spacer-inner{height:var(--container-widget-height,var(--spacer-size))}.e-con-inner>.elementor-widget-spacer.elementor-widget-empty,.e-con>.elementor-widget-spacer.elementor-widget-empty{position:relative;min-height:22px;min-width:22px}.e-con-inner>.elementor-widget-spacer.elementor-widget-empty .elementor-widget-empty-icon,.e-con>.elementor-widget-spacer.elementor-widget-empty .elementor-widget-empty-icon{position:absolute;top:0;bottom:0;left:0;right:0;margin:auto;padding:0;width:22px;height:22px}<\/style>\t\t<div class=\"elementor-spacer\">\n\t\t\t<div class=\"elementor-spacer-inner\"><\/div>\n\t\t<\/div>\n\t\t\t\t<\/div>\n\t\t\t\t<\/div>\n\t\t\t\t\t<\/div>\n\t\t<\/div>\n\t\t\t\t\t\t\t<\/div>\n\t\t<\/section>\n\t\t\t\t<section class=\"elementor-section elementor-top-section elementor-element elementor-element-7e64cbc elementor-section-boxed elementor-section-height-default elementor-section-height-default\" data-id=\"7e64cbc\" data-element_type=\"section\">\n\t\t\t\t\t\t<div class=\"elementor-container elementor-column-gap-default\">\n\t\t\t\t\t<div class=\"elementor-column elementor-col-66 elementor-top-column elementor-element elementor-element-4fb821f\" data-id=\"4fb821f\" data-element_type=\"column\">\n\t\t\t<div class=\"elementor-widget-wrap elementor-element-populated\">\n\t\t\t\t\t\t\t\t<div class=\"elementor-element elementor-element-b52eb6c elementor-widget elementor-widget-heading\" data-id=\"b52eb6c\" data-element_type=\"widget\" data-widget_type=\"heading.default\">\n\t\t\t\t<div class=\"elementor-widget-container\">\n\t\t\t<h2 class=\"elementor-heading-title elementor-size-default\">Preise<\/h2>\t\t<\/div>\n\t\t\t\t<\/div>\n\t\t\t\t<div class=\"elementor-element elementor-element-7c29bbd elementor-widget elementor-widget-text-editor\" data-id=\"7c29bbd\" data-element_type=\"widget\" data-widget_type=\"text-editor.default\">\n\t\t\t\t<div class=\"elementor-widget-container\">\n\t\t\t\t\t\t\t<p style=\"text-align: left;\"><strong>Physiotherapie<br \/><\/strong>45min&#8230;&#8230;&#8230;&#8230;&#8230;&#8230;&#8230;&#8230;&#8230;&#8230;&#8230;&#8230;&#8230;&#8230;&#8230;&#8230;..90\u20ac<br \/><strong>Physiotherapie<br \/><\/strong>60min&#8230;&#8230;&#8230;&#8230;&#8230;&#8230;&#8230;&#8230;&#8230;&#8230;&#8230;&#8230;&#8230;&#8230;&#8230;&#8230;100\u20ac<br \/><strong>Ersttermin<br \/><\/strong>60min&#8230;&#8230;&#8230;&#8230;&#8230;&#8230;&#8230;&#8230;&#8230;&#8230;&#8230;&#8230;&#8230;&#8230;&#8230;&#8230;120\u20ac<br \/><em><span style=\"font-weight: inherit; color: var(--ast-global-color-3);\">(nach dem Ersttermin und der Befundung erstelle ich einen Rehaplan)<br \/><br \/><\/span><\/em><span style=\"font-weight: inherit; color: var(--ast-global-color-3);\">Wenn der Termin nicht wahrgenommen werden kann, ersuche ich um eine Absage 24h im voraus. Ansonsten wird das volle Honorar verrechnet.<\/span><em><span style=\"font-weight: inherit; color: var(--ast-global-color-3);\"><br \/><br \/><br \/><\/span><\/em><\/p>\t\t\t\t\t\t<\/div>\n\t\t\t\t<\/div>\n\t\t\t\t\t<\/div>\n\t\t<\/div>\n\t\t\t\t<div class=\"elementor-column elementor-col-33 elementor-top-column elementor-element elementor-element-77f9114\" data-id=\"77f9114\" data-element_type=\"column\">\n\t\t\t<div class=\"elementor-widget-wrap elementor-element-populated\">\n\t\t\t\t\t\t\t\t<div class=\"elementor-element elementor-element-aebe530 elementor-widget elementor-widget-spacer\" data-id=\"aebe530\" data-element_type=\"widget\" data-widget_type=\"spacer.default\">\n\t\t\t\t<div class=\"elementor-widget-container\">\n\t\t\t\t\t<div class=\"elementor-spacer\">\n\t\t\t<div class=\"elementor-spacer-inner\"><\/div>\n\t\t<\/div>\n\t\t\t\t<\/div>\n\t\t\t\t<\/div>\n\t\t\t\t<div class=\"elementor-element elementor-element-384835e elementor-widget elementor-widget-image\" data-id=\"384835e\" data-element_type=\"widget\" data-widget_type=\"image.default\">\n\t\t\t\t<div class=\"elementor-widget-container\">\n\t\t\t\t\t\t\t\t\t\t\t\t\t\t\t<img decoding=\"async\" src=\"https:\/\/katharinameyer.eu\/wp-content\/uploads\/2023\/10\/55-e1696362281698.png\" title=\"55\" alt=\"55\" loading=\"lazy\" \/>\t\t\t\t\t\t\t\t\t\t\t\t\t\t\t<\/div>\n\t\t\t\t<\/div>\n\t\t\t\t\t<\/div>\n\t\t<\/div>\n\t\t\t\t\t\t\t<\/div>\n\t\t<\/section>\n\t\t\t\t<section class=\"elementor-section elementor-top-section elementor-element elementor-element-1f6c665 elementor-section-boxed elementor-section-height-default elementor-section-height-default\" data-id=\"1f6c665\" data-element_type=\"section\">\n\t\t\t\t\t\t<div class=\"elementor-container elementor-column-gap-default\">\n\t\t\t\t\t<div class=\"elementor-column elementor-col-33 elementor-top-column elementor-element elementor-element-c44443f\" data-id=\"c44443f\" data-element_type=\"column\">\n\t\t\t<div class=\"elementor-widget-wrap elementor-element-populated\">\n\t\t\t\t\t\t\t\t<div class=\"elementor-element elementor-element-0c486a7 elementor-widget elementor-widget-spacer\" data-id=\"0c486a7\" data-element_type=\"widget\" data-widget_type=\"spacer.default\">\n\t\t\t\t<div class=\"elementor-widget-container\">\n\t\t\t\t\t<div class=\"elementor-spacer\">\n\t\t\t<div class=\"elementor-spacer-inner\"><\/div>\n\t\t<\/div>\n\t\t\t\t<\/div>\n\t\t\t\t<\/div>\n\t\t\t\t<div class=\"elementor-element elementor-element-d5ad1cd elementor-widget elementor-widget-image\" data-id=\"d5ad1cd\" data-element_type=\"widget\" data-widget_type=\"image.default\">\n\t\t\t\t<div class=\"elementor-widget-container\">\n\t\t\t\t\t\t\t\t\t\t\t\t\t\t\t<img decoding=\"async\" src=\"https:\/\/katharinameyer.eu\/wp-content\/uploads\/2023\/10\/61-1.png\" title=\"61\" alt=\"61\" loading=\"lazy\" \/>\t\t\t\t\t\t\t\t\t\t\t\t\t\t\t<\/div>\n\t\t\t\t<\/div>\n\t\t\t\t\t<\/div>\n\t\t<\/div>\n\t\t\t\t<div class=\"elementor-column elementor-col-66 elementor-top-column elementor-element elementor-element-e5b150c\" data-id=\"e5b150c\" data-element_type=\"column\">\n\t\t\t<div class=\"elementor-widget-wrap elementor-element-populated\">\n\t\t\t\t\t\t\t\t<div class=\"elementor-element elementor-element-2efa78d elementor-widget elementor-widget-heading\" data-id=\"2efa78d\" data-element_type=\"widget\" data-widget_type=\"heading.default\">\n\t\t\t\t<div class=\"elementor-widget-container\">\n\t\t\t<h2 class=\"elementor-heading-title elementor-size-default\">Ablauf<\/h2>\t\t<\/div>\n\t\t\t\t<\/div>\n\t\t\t\t<div class=\"elementor-element elementor-element-a78a05a elementor-widget__width-initial elementor-widget elementor-widget-text-editor\" data-id=\"a78a05a\" data-element_type=\"widget\" data-widget_type=\"text-editor.default\">\n\t\t\t\t<div class=\"elementor-widget-container\">\n\t\t\t\t\t\t\t<ol><li>F\u00fcr eine physiotherapeutische Behandlung ben\u00f6tigen sie eine Verordnung f\u00fcr Physiotherapie von einem Arzt\u00a0<\/li><li>Kontaktieren Sie mich telefonisch oder per Mail, damit wir uns einen Termin ausmachen k\u00f6nnen<\/li><li>Zum vereinbarten Erstbefund nehmen Sie bitte folgendes mit:<ul><li><span style=\"font-style: inherit; font-weight: inherit; color: var(--ast-global-color-3);\">Sportgewand oder gem\u00fctliche Kleidung<\/span><\/li><li><span style=\"font-style: inherit; font-weight: inherit; color: var(--ast-global-color-3);\">die \u00e4rztliche Verordnung<\/span><\/li><li>aktuelle Befunde, Arztbriefe und bildgebende Materialien<\/li><\/ul><\/li><li>Nach dem Ersttermin erstelle ich einen Rehaplan. Dieser wird in den folgenden Einheiten gemeinsam erarbeitet<\/li><li>Nach 10 Einheiten erhalten Sie eine Rechnung<\/li><li>Die Rechnung k\u00f6nnen Sie zur Kostenerstattung bei Ihrer Versicherung einreichen<\/li><\/ol>\t\t\t\t\t\t<\/div>\n\t\t\t\t<\/div>\n\t\t\t\t\t<\/div>\n\t\t<\/div>\n\t\t\t\t\t\t\t<\/div>\n\t\t<\/section>\n\t\t\t\t\t\t\t<\/div>\n\t\t","protected":false},"excerpt":{"rendered":"<p>Physiotherapie Ziel der Physiotherapie ist es, nach Verletzungen, Operationen oder orthop\u00e4dischen Problemen, den k\u00f6rpereigenen Heilungsprozess zu unterst\u00fctzen und durch gezieltes Training und angepasste Regeneration Ihre optimale Form wiederherzustellen. Ich erstelle Ihnen einen pers\u00f6nlichen Reha Plan, welcher auf Ihr Ziel angepasst ist.Um dieses Ziel zu erreichen, werden wir gemeinsam aktive \u00dcbungen erarbeiten, welche Sie selbstst\u00e4ndig durchf\u00fchren &hellip;<\/p>\n<p class=\"read-more\"> <a class=\"\" href=\"https:\/\/katharinameyer.eu\/index.php\/physiotherapie-info\/\"> <span class=\"screen-reader-text\">Physiotherapie Info<\/span> Read More &raquo;<\/a><\/p>\n","protected":false},"author":1,"featured_media":0,"parent":0,"menu_order":0,"comment_status":"closed","ping_status":"closed","template":"","meta":{"site-sidebar-layout":"no-sidebar","site-content-layout":"page-builder","ast-global-header-display":"","ast-banner-title-visibility":"","ast-main-header-display":"","ast-hfb-above-header-display":"","ast-hfb-below-header-display":"","ast-hfb-mobile-header-display":"","site-post-title":"disabled","ast-breadcrumbs-content":"","ast-featured-img":"disabled","footer-sml-layout":"","theme-transparent-header-meta":"","adv-header-id-meta":"","stick-header-meta":"","header-above-stick-meta":"","header-main-stick-meta":"","header-below-stick-meta":""},"yoast_head":"<!-- This site is optimized with the Yoast SEO plugin v21.5 - https:\/\/yoast.com\/wordpress\/plugins\/seo\/ -->\n<title>Physiotherapie Info -<\/title>\n<meta name=\"robots\" content=\"index, follow, max-snippet:-1, max-image-preview:large, max-video-preview:-1\" \/>\n<link rel=\"canonical\" href=\"https:\/\/katharinameyer.eu\/index.php\/physiotherapie-info\/\" \/>\n<meta property=\"og:locale\" content=\"de_DE\" \/>\n<meta property=\"og:type\" content=\"article\" \/>\n<meta property=\"og:title\" content=\"Physiotherapie Info -\" \/>\n<meta property=\"og:description\" content=\"Physiotherapie Ziel der Physiotherapie ist es, nach Verletzungen, Operationen oder orthop\u00e4dischen Problemen, den k\u00f6rpereigenen Heilungsprozess zu unterst\u00fctzen und durch gezieltes Training und angepasste Regeneration Ihre optimale Form wiederherzustellen. Ich erstelle Ihnen einen pers\u00f6nlichen Reha Plan, welcher auf Ihr Ziel angepasst ist.Um dieses Ziel zu erreichen, werden wir gemeinsam aktive \u00dcbungen erarbeiten, welche Sie selbstst\u00e4ndig durchf\u00fchren &hellip; Physiotherapie Info Read More &raquo;\" \/>\n<meta property=\"og:url\" content=\"https:\/\/katharinameyer.eu\/index.php\/physiotherapie-info\/\" \/>\n<meta property=\"article:modified_time\" content=\"2023-10-24T16:54:07+00:00\" \/>\n<meta property=\"og:image\" content=\"http:\/\/katharinameyer.eu\/wp-content\/uploads\/elementor\/thumbs\/32-qce6t41jnxjaro0o9uzmkp3zgx2rjxdhwlhf4wuc20.png\" \/>\n<meta name=\"twitter:card\" content=\"summary_large_image\" \/>\n<meta name=\"twitter:label1\" content=\"Gesch\u00e4tzte Lesezeit\" \/>\n\t<meta name=\"twitter:data1\" content=\"2 Minuten\" \/>\n<script type=\"application\/ld+json\" class=\"yoast-schema-graph\">{\"@context\":\"https:\/\/schema.org\",\"@graph\":[{\"@type\":\"WebPage\",\"@id\":\"https:\/\/katharinameyer.eu\/index.php\/physiotherapie-info\/\",\"url\":\"https:\/\/katharinameyer.eu\/index.php\/physiotherapie-info\/\",\"name\":\"Physiotherapie Info -\",\"isPartOf\":{\"@id\":\"https:\/\/katharinameyer.eu\/#website\"},\"datePublished\":\"2023-07-11T13:09:38+00:00\",\"dateModified\":\"2023-10-24T16:54:07+00:00\",\"breadcrumb\":{\"@id\":\"https:\/\/katharinameyer.eu\/index.php\/physiotherapie-info\/#breadcrumb\"},\"inLanguage\":\"de-AT\",\"potentialAction\":[{\"@type\":\"ReadAction\",\"target\":[\"https:\/\/katharinameyer.eu\/index.php\/physiotherapie-info\/\"]}]},{\"@type\":\"BreadcrumbList\",\"@id\":\"https:\/\/katharinameyer.eu\/index.php\/physiotherapie-info\/#breadcrumb\",\"itemListElement\":[{\"@type\":\"ListItem\",\"position\":1,\"name\":\"Startseite\",\"item\":\"https:\/\/katharinameyer.eu\/\"},{\"@type\":\"ListItem\",\"position\":2,\"name\":\"Physiotherapie Info\"}]},{\"@type\":\"WebSite\",\"@id\":\"https:\/\/katharinameyer.eu\/#website\",\"url\":\"https:\/\/katharinameyer.eu\/\",\"name\":\"\",\"description\":\"\",\"potentialAction\":[{\"@type\":\"SearchAction\",\"target\":{\"@type\":\"EntryPoint\",\"urlTemplate\":\"https:\/\/katharinameyer.eu\/?s={search_term_string}\"},\"query-input\":\"required name=search_term_string\"}],\"inLanguage\":\"de-AT\"}]}<\/script>\n<!-- \/ Yoast SEO plugin. -->","yoast_head_json":{"title":"Physiotherapie Info -","robots":{"index":"index","follow":"follow","max-snippet":"max-snippet:-1","max-image-preview":"max-image-preview:large","max-video-preview":"max-video-preview:-1"},"canonical":"https:\/\/katharinameyer.eu\/index.php\/physiotherapie-info\/","og_locale":"de_DE","og_type":"article","og_title":"Physiotherapie Info -","og_description":"Physiotherapie Ziel der Physiotherapie ist es, nach Verletzungen, Operationen oder orthop\u00e4dischen Problemen, den k\u00f6rpereigenen Heilungsprozess zu unterst\u00fctzen und durch gezieltes Training und angepasste Regeneration Ihre optimale Form wiederherzustellen. Ich erstelle Ihnen einen pers\u00f6nlichen Reha Plan, welcher auf Ihr Ziel angepasst ist.Um dieses Ziel zu erreichen, werden wir gemeinsam aktive \u00dcbungen erarbeiten, welche Sie selbstst\u00e4ndig durchf\u00fchren &hellip; Physiotherapie Info Read More &raquo;","og_url":"https:\/\/katharinameyer.eu\/index.php\/physiotherapie-info\/","article_modified_time":"2023-10-24T16:54:07+00:00","og_image":[{"url":"http:\/\/katharinameyer.eu\/wp-content\/uploads\/elementor\/thumbs\/32-qce6t41jnxjaro0o9uzmkp3zgx2rjxdhwlhf4wuc20.png"}],"twitter_card":"summary_large_image","twitter_misc":{"Gesch\u00e4tzte Lesezeit":"2 Minuten"},"schema":{"@context":"https:\/\/schema.org","@graph":[{"@type":"WebPage","@id":"https:\/\/katharinameyer.eu\/index.php\/physiotherapie-info\/","url":"https:\/\/katharinameyer.eu\/index.php\/physiotherapie-info\/","name":"Physiotherapie Info -","isPartOf":{"@id":"https:\/\/katharinameyer.eu\/#website"},"datePublished":"2023-07-11T13:09:38+00:00","dateModified":"2023-10-24T16:54:07+00:00","breadcrumb":{"@id":"https:\/\/katharinameyer.eu\/index.php\/physiotherapie-info\/#breadcrumb"},"inLanguage":"de-AT","potentialAction":[{"@type":"ReadAction","target":["https:\/\/katharinameyer.eu\/index.php\/physiotherapie-info\/"]}]},{"@type":"BreadcrumbList","@id":"https:\/\/katharinameyer.eu\/index.php\/physiotherapie-info\/#breadcrumb","itemListElement":[{"@type":"ListItem","position":1,"name":"Startseite","item":"https:\/\/katharinameyer.eu\/"},{"@type":"ListItem","position":2,"name":"Physiotherapie Info"}]},{"@type":"WebSite","@id":"https:\/\/katharinameyer.eu\/#website","url":"https:\/\/katharinameyer.eu\/","name":"","description":"","potentialAction":[{"@type":"SearchAction","target":{"@type":"EntryPoint","urlTemplate":"https:\/\/katharinameyer.eu\/?s={search_term_string}"},"query-input":"required name=search_term_string"}],"inLanguage":"de-AT"}]}},"_links":{"self":[{"href":"https:\/\/katharinameyer.eu\/index.php\/wp-json\/wp\/v2\/pages\/1442"}],"collection":[{"href":"https:\/\/katharinameyer.eu\/index.php\/wp-json\/wp\/v2\/pages"}],"about":[{"href":"https:\/\/katharinameyer.eu\/index.php\/wp-json\/wp\/v2\/types\/page"}],"author":[{"embeddable":true,"href":"https:\/\/katharinameyer.eu\/index.php\/wp-json\/wp\/v2\/users\/1"}],"replies":[{"embeddable":true,"href":"https:\/\/katharinameyer.eu\/index.php\/wp-json\/wp\/v2\/comments?post=1442"}],"version-history":[{"count":52,"href":"https:\/\/katharinameyer.eu\/index.php\/wp-json\/wp\/v2\/pages\/1442\/revisions"}],"predecessor-version":[{"id":1872,"href":"https:\/\/katharinameyer.eu\/index.php\/wp-json\/wp\/v2\/pages\/1442\/revisions\/1872"}],"wp:attachment":[{"href":"https:\/\/katharinameyer.eu\/index.php\/wp-json\/wp\/v2\/media?parent=1442"}],"curies":[{"name":"wp","href":"https:\/\/api.w.org\/{rel}","templated":true}]}}