{"id":1456,"date":"2023-07-11T15:19:04","date_gmt":"2023-07-11T13:19:04","guid":{"rendered":"https:\/\/katharinameyer.eu\/?page_id=1456"},"modified":"2023-10-24T18:55:45","modified_gmt":"2023-10-24T16:55:45","slug":"sportphysiotherapie","status":"publish","type":"page","link":"https:\/\/katharinameyer.eu\/index.php\/sportphysiotherapie\/","title":{"rendered":"Sportphysiotherapie"},"content":{"rendered":"\t\t<div data-elementor-type=\"wp-page\" data-elementor-id=\"1456\" class=\"elementor elementor-1456\">\n\t\t\t\t\t\t\t\t\t<section class=\"elementor-section elementor-top-section elementor-element elementor-element-bac6339 elementor-section-boxed elementor-section-height-default elementor-section-height-default\" data-id=\"bac6339\" data-element_type=\"section\">\n\t\t\t\t\t\t<div class=\"elementor-container elementor-column-gap-default\">\n\t\t\t\t\t<div class=\"elementor-column elementor-col-100 elementor-top-column elementor-element elementor-element-5134c62\" data-id=\"5134c62\" data-element_type=\"column\">\n\t\t\t<div class=\"elementor-widget-wrap elementor-element-populated\">\n\t\t\t\t\t\t\t\t<div class=\"elementor-element elementor-element-5a88fe7 elementor-widget elementor-widget-image\" data-id=\"5a88fe7\" data-element_type=\"widget\" data-widget_type=\"image.default\">\n\t\t\t\t<div class=\"elementor-widget-container\">\n\t\t\t<style>\/*! elementor - v3.17.0 - 08-11-2023 *\/\n.elementor-widget-image{text-align:center}.elementor-widget-image a{display:inline-block}.elementor-widget-image a img[src$=\".svg\"]{width:48px}.elementor-widget-image img{vertical-align:middle;display:inline-block}<\/style>\t\t\t\t\t\t\t\t\t\t\t\t<img decoding=\"async\" width=\"768\" height=\"768\" src=\"https:\/\/katharinameyer.eu\/wp-content\/uploads\/2023\/09\/37-768x768.png\" class=\"attachment-medium_large size-medium_large wp-image-1591\" alt=\"\" loading=\"lazy\" srcset=\"https:\/\/katharinameyer.eu\/wp-content\/uploads\/2023\/09\/37-768x768.png 768w, https:\/\/katharinameyer.eu\/wp-content\/uploads\/2023\/09\/37-300x300.png 300w, https:\/\/katharinameyer.eu\/wp-content\/uploads\/2023\/09\/37-1024x1024.png 1024w, https:\/\/katharinameyer.eu\/wp-content\/uploads\/2023\/09\/37-150x150.png 150w, https:\/\/katharinameyer.eu\/wp-content\/uploads\/2023\/09\/37-1536x1536.png 1536w, https:\/\/katharinameyer.eu\/wp-content\/uploads\/2023\/09\/elementor\/thumbs\/37-qce6t5x81llvevxxyvsvpomwnothzbkykuse3grjpk.png 500w, https:\/\/katharinameyer.eu\/wp-content\/uploads\/2023\/09\/elementor\/thumbs\/37-qce6t5x4e18kkvgqq57ddg3tjo6m01xsxh0vn9bvm8.png 200w, https:\/\/katharinameyer.eu\/wp-content\/uploads\/2023\/09\/elementor\/thumbs\/37-qce6t5x6tqtfsvs7jyxpllsjmclvbkd8p277y2abog.png 400w, https:\/\/katharinameyer.eu\/wp-content\/uploads\/2023\/09\/37.png 1563w\" sizes=\"(max-width: 768px) 100vw, 768px\" \/>\t\t\t\t\t\t\t\t\t\t\t\t\t\t\t<\/div>\n\t\t\t\t<\/div>\n\t\t\t\t\t<\/div>\n\t\t<\/div>\n\t\t\t\t\t\t\t<\/div>\n\t\t<\/section>\n\t\t\t\t<section class=\"elementor-section elementor-top-section elementor-element elementor-element-83243bd elementor-section-boxed elementor-section-height-default elementor-section-height-default\" data-id=\"83243bd\" data-element_type=\"section\">\n\t\t\t\t\t\t<div class=\"elementor-container elementor-column-gap-default\">\n\t\t\t\t\t<div class=\"elementor-column elementor-col-100 elementor-top-column elementor-element elementor-element-83b442b\" data-id=\"83b442b\" data-element_type=\"column\">\n\t\t\t<div class=\"elementor-widget-wrap elementor-element-populated\">\n\t\t\t\t\t\t\t\t<div class=\"elementor-element elementor-element-7273753 elementor-widget elementor-widget-heading\" data-id=\"7273753\" data-element_type=\"widget\" data-widget_type=\"heading.default\">\n\t\t\t\t<div class=\"elementor-widget-container\">\n\t\t\t<style>\/*! elementor - v3.17.0 - 08-11-2023 *\/\n.elementor-heading-title{padding:0;margin:0;line-height:1}.elementor-widget-heading .elementor-heading-title[class*=elementor-size-]>a{color:inherit;font-size:inherit;line-height:inherit}.elementor-widget-heading .elementor-heading-title.elementor-size-small{font-size:15px}.elementor-widget-heading .elementor-heading-title.elementor-size-medium{font-size:19px}.elementor-widget-heading .elementor-heading-title.elementor-size-large{font-size:29px}.elementor-widget-heading .elementor-heading-title.elementor-size-xl{font-size:39px}.elementor-widget-heading .elementor-heading-title.elementor-size-xxl{font-size:59px}<\/style><h4 class=\"elementor-heading-title elementor-size-default\">Sportphysiotherapie und Training<\/h4>\t\t<\/div>\n\t\t\t\t<\/div>\n\t\t\t\t\t<\/div>\n\t\t<\/div>\n\t\t\t\t\t\t\t<\/div>\n\t\t<\/section>\n\t\t\t\t<section class=\"elementor-section elementor-top-section elementor-element elementor-element-2c5dfe1 elementor-section-boxed elementor-section-height-default elementor-section-height-default\" data-id=\"2c5dfe1\" data-element_type=\"section\">\n\t\t\t\t\t\t<div class=\"elementor-container elementor-column-gap-default\">\n\t\t\t\t\t<div class=\"elementor-column elementor-col-100 elementor-top-column elementor-element elementor-element-b7c1f26\" data-id=\"b7c1f26\" data-element_type=\"column\">\n\t\t\t<div class=\"elementor-widget-wrap elementor-element-populated\">\n\t\t\t\t\t\t\t\t<div class=\"elementor-element elementor-element-9a9896e elementor-widget elementor-widget-spacer\" data-id=\"9a9896e\" data-element_type=\"widget\" data-widget_type=\"spacer.default\">\n\t\t\t\t<div class=\"elementor-widget-container\">\n\t\t\t<style>\/*! elementor - v3.17.0 - 08-11-2023 *\/\n.elementor-column .elementor-spacer-inner{height:var(--spacer-size)}.e-con{--container-widget-width:100%}.e-con-inner>.elementor-widget-spacer,.e-con>.elementor-widget-spacer{width:var(--container-widget-width,var(--spacer-size));--align-self:var(--container-widget-align-self,initial);--flex-shrink:0}.e-con-inner>.elementor-widget-spacer>.elementor-widget-container,.e-con>.elementor-widget-spacer>.elementor-widget-container{height:100%;width:100%}.e-con-inner>.elementor-widget-spacer>.elementor-widget-container>.elementor-spacer,.e-con>.elementor-widget-spacer>.elementor-widget-container>.elementor-spacer{height:100%}.e-con-inner>.elementor-widget-spacer>.elementor-widget-container>.elementor-spacer>.elementor-spacer-inner,.e-con>.elementor-widget-spacer>.elementor-widget-container>.elementor-spacer>.elementor-spacer-inner{height:var(--container-widget-height,var(--spacer-size))}.e-con-inner>.elementor-widget-spacer.elementor-widget-empty,.e-con>.elementor-widget-spacer.elementor-widget-empty{position:relative;min-height:22px;min-width:22px}.e-con-inner>.elementor-widget-spacer.elementor-widget-empty .elementor-widget-empty-icon,.e-con>.elementor-widget-spacer.elementor-widget-empty .elementor-widget-empty-icon{position:absolute;top:0;bottom:0;left:0;right:0;margin:auto;padding:0;width:22px;height:22px}<\/style>\t\t<div class=\"elementor-spacer\">\n\t\t\t<div class=\"elementor-spacer-inner\"><\/div>\n\t\t<\/div>\n\t\t\t\t<\/div>\n\t\t\t\t<\/div>\n\t\t\t\t<div class=\"elementor-element elementor-element-1bdb967 elementor-widget elementor-widget-text-editor\" data-id=\"1bdb967\" data-element_type=\"widget\" data-widget_type=\"text-editor.default\">\n\t\t\t\t<div class=\"elementor-widget-container\">\n\t\t\t<style>\/*! elementor - v3.17.0 - 08-11-2023 *\/\n.elementor-widget-text-editor.elementor-drop-cap-view-stacked .elementor-drop-cap{background-color:#69727d;color:#fff}.elementor-widget-text-editor.elementor-drop-cap-view-framed .elementor-drop-cap{color:#69727d;border:3px solid;background-color:transparent}.elementor-widget-text-editor:not(.elementor-drop-cap-view-default) .elementor-drop-cap{margin-top:8px}.elementor-widget-text-editor:not(.elementor-drop-cap-view-default) .elementor-drop-cap-letter{width:1em;height:1em}.elementor-widget-text-editor .elementor-drop-cap{float:left;text-align:center;line-height:1;font-size:50px}.elementor-widget-text-editor .elementor-drop-cap-letter{display:inline-block}<\/style>\t\t\t\t<p style=\"text-align: center;\">Jede Sportart bringt unterschiedliche Belastungen mit sich. Darum ist es essenziel, nach einer Verletzung oder bei \u00dcberbelastungsproblemen die jeweilige Sportart in Kombination mit Alltagsbelastungen zu analysieren. In weiterer Folge kann ein Trainingsplan zur Rehabilitation und zur Leistungssteigerung erstellt werden. Ein zentraler Punkt in der Sportphysiotherapie ist die optimale Balance von Trainingsreiz und Regeneration.<\/p>\t\t\t\t\t\t<\/div>\n\t\t\t\t<\/div>\n\t\t\t\t\t<\/div>\n\t\t<\/div>\n\t\t\t\t\t\t\t<\/div>\n\t\t<\/section>\n\t\t\t\t<section class=\"elementor-section elementor-top-section elementor-element elementor-element-218f38d elementor-section-boxed elementor-section-height-default elementor-section-height-default\" data-id=\"218f38d\" data-element_type=\"section\">\n\t\t\t\t\t\t<div class=\"elementor-container elementor-column-gap-default\">\n\t\t\t\t\t<div class=\"elementor-column elementor-col-100 elementor-top-column elementor-element elementor-element-cb58c9a\" data-id=\"cb58c9a\" data-element_type=\"column\">\n\t\t\t<div class=\"elementor-widget-wrap\">\n\t\t\t\t\t\t\t\t\t<\/div>\n\t\t<\/div>\n\t\t\t\t\t\t\t<\/div>\n\t\t<\/section>\n\t\t\t\t<section class=\"elementor-section elementor-top-section elementor-element elementor-element-e11cfc6 elementor-section-boxed elementor-section-height-default elementor-section-height-default\" data-id=\"e11cfc6\" data-element_type=\"section\">\n\t\t\t\t\t\t<div class=\"elementor-container elementor-column-gap-default\">\n\t\t\t\t\t<div class=\"elementor-column elementor-col-100 elementor-top-column elementor-element elementor-element-60e1281\" data-id=\"60e1281\" data-element_type=\"column\">\n\t\t\t<div class=\"elementor-widget-wrap elementor-element-populated\">\n\t\t\t\t\t\t\t\t<div class=\"elementor-element elementor-element-e9b7f99 elementor-align-center elementor-widget elementor-widget-button\" data-id=\"e9b7f99\" data-element_type=\"widget\" data-widget_type=\"button.default\">\n\t\t\t\t<div class=\"elementor-widget-container\">\n\t\t\t\t\t<div class=\"elementor-button-wrapper\">\n\t\t\t<a class=\"elementor-button elementor-button-link elementor-size-sm\" href=\"https:\/\/katharinameyer.eu\/index.php\/contact\/\">\n\t\t\t\t\t\t<span class=\"elementor-button-content-wrapper\">\n\t\t\t\t\t\t<span class=\"elementor-button-text\">Termine<\/span>\n\t\t<\/span>\n\t\t\t\t\t<\/a>\n\t\t<\/div>\n\t\t\t\t<\/div>\n\t\t\t\t<\/div>\n\t\t\t\t\t<\/div>\n\t\t<\/div>\n\t\t\t\t\t\t\t<\/div>\n\t\t<\/section>\n\t\t\t\t<section class=\"elementor-section elementor-top-section elementor-element elementor-element-03936f2 elementor-section-boxed elementor-section-height-default elementor-section-height-default\" data-id=\"03936f2\" data-element_type=\"section\">\n\t\t\t\t\t\t<div class=\"elementor-container elementor-column-gap-default\">\n\t\t\t\t\t<div class=\"elementor-column elementor-col-66 elementor-top-column elementor-element elementor-element-ba2610d\" data-id=\"ba2610d\" data-element_type=\"column\">\n\t\t\t<div class=\"elementor-widget-wrap elementor-element-populated\">\n\t\t\t\t\t\t\t\t<div class=\"elementor-element elementor-element-2fbf447 elementor-widget elementor-widget-heading\" data-id=\"2fbf447\" data-element_type=\"widget\" data-widget_type=\"heading.default\">\n\t\t\t\t<div class=\"elementor-widget-container\">\n\t\t\t<h2 class=\"elementor-heading-title elementor-size-default\">Preise<\/h2>\t\t<\/div>\n\t\t\t\t<\/div>\n\t\t\t\t<div class=\"elementor-element elementor-element-4f934a2 elementor-widget elementor-widget-text-editor\" data-id=\"4f934a2\" data-element_type=\"widget\" data-widget_type=\"text-editor.default\">\n\t\t\t\t<div class=\"elementor-widget-container\">\n\t\t\t\t\t\t\t<p><strong>Physiotherapie<br \/><\/strong>45min&#8230;&#8230;&#8230;&#8230;&#8230;&#8230;&#8230;&#8230;&#8230;&#8230;&#8230;&#8230;&#8230;&#8230;&#8230;&#8230;..90\u20ac<br \/><strong>Physiotherapie<br \/><\/strong>60min&#8230;&#8230;&#8230;&#8230;&#8230;&#8230;&#8230;&#8230;&#8230;&#8230;&#8230;&#8230;&#8230;&#8230;&#8230;&#8230;100\u20ac<br \/><strong>Ersttermin<br \/><\/strong>60min&#8230;&#8230;&#8230;&#8230;&#8230;&#8230;&#8230;&#8230;&#8230;&#8230;&#8230;&#8230;&#8230;&#8230;&#8230;&#8230;120\u20ac<br \/><em><span style=\"font-weight: inherit; color: var(--ast-global-color-3);\">(nach dem Ersttermin und der Befundung erstelle ich einen Rehaplan)<br \/><br \/><\/span><\/em><span style=\"font-weight: inherit; color: var(--ast-global-color-3);\">Wenn der Termin nicht wahrgenommen werden kann, ersuche ich um eine Absage 24h im voraus. Ansonsten wird das volle Honorar verrechnet.<\/span><em><span style=\"font-weight: inherit; color: var(--ast-global-color-3);\"><br \/><\/span><\/em><\/p>\t\t\t\t\t\t<\/div>\n\t\t\t\t<\/div>\n\t\t\t\t\t<\/div>\n\t\t<\/div>\n\t\t\t\t<div class=\"elementor-column elementor-col-33 elementor-top-column elementor-element elementor-element-e126fb1\" data-id=\"e126fb1\" data-element_type=\"column\">\n\t\t\t<div class=\"elementor-widget-wrap elementor-element-populated\">\n\t\t\t\t\t\t\t\t<div class=\"elementor-element elementor-element-8ca3b10 elementor-widget__width-initial elementor-widget elementor-widget-image\" data-id=\"8ca3b10\" data-element_type=\"widget\" data-widget_type=\"image.default\">\n\t\t\t\t<div class=\"elementor-widget-container\">\n\t\t\t\t\t\t\t\t\t\t\t\t\t\t\t<img decoding=\"async\" width=\"768\" height=\"658\" src=\"https:\/\/katharinameyer.eu\/wp-content\/uploads\/2023\/10\/55-e1696362281698-768x658.png\" class=\"attachment-medium_large size-medium_large wp-image-1633\" alt=\"\" loading=\"lazy\" srcset=\"https:\/\/katharinameyer.eu\/wp-content\/uploads\/2023\/10\/55-e1696362281698-768x658.png 768w, https:\/\/katharinameyer.eu\/wp-content\/uploads\/2023\/10\/55-e1696362281698-300x257.png 300w, https:\/\/katharinameyer.eu\/wp-content\/uploads\/2023\/10\/55-e1696362281698-1024x878.png 1024w, https:\/\/katharinameyer.eu\/wp-content\/uploads\/2023\/10\/55-e1696362281698.png 1063w\" sizes=\"(max-width: 768px) 100vw, 768px\" \/>\t\t\t\t\t\t\t\t\t\t\t\t\t\t\t<\/div>\n\t\t\t\t<\/div>\n\t\t\t\t\t<\/div>\n\t\t<\/div>\n\t\t\t\t\t\t\t<\/div>\n\t\t<\/section>\n\t\t\t\t<section class=\"elementor-section elementor-top-section elementor-element elementor-element-69394a1 elementor-section-boxed elementor-section-height-default elementor-section-height-default\" data-id=\"69394a1\" data-element_type=\"section\">\n\t\t\t\t\t\t<div class=\"elementor-container elementor-column-gap-default\">\n\t\t\t\t\t<div class=\"elementor-column elementor-col-33 elementor-top-column elementor-element elementor-element-9f9e784\" data-id=\"9f9e784\" data-element_type=\"column\">\n\t\t\t<div class=\"elementor-widget-wrap elementor-element-populated\">\n\t\t\t\t\t\t\t\t<div class=\"elementor-element elementor-element-27ae255 elementor-widget elementor-widget-spacer\" data-id=\"27ae255\" data-element_type=\"widget\" data-widget_type=\"spacer.default\">\n\t\t\t\t<div class=\"elementor-widget-container\">\n\t\t\t\t\t<div class=\"elementor-spacer\">\n\t\t\t<div class=\"elementor-spacer-inner\"><\/div>\n\t\t<\/div>\n\t\t\t\t<\/div>\n\t\t\t\t<\/div>\n\t\t\t\t<div class=\"elementor-element elementor-element-56714c6 elementor-widget__width-initial elementor-widget elementor-widget-image\" data-id=\"56714c6\" data-element_type=\"widget\" data-widget_type=\"image.default\">\n\t\t\t\t<div class=\"elementor-widget-container\">\n\t\t\t\t\t\t\t\t\t\t\t\t\t\t\t<img decoding=\"async\" width=\"768\" height=\"768\" src=\"https:\/\/katharinameyer.eu\/wp-content\/uploads\/2023\/10\/61-1-768x768.png\" class=\"attachment-medium_large size-medium_large wp-image-1634\" alt=\"\" loading=\"lazy\" srcset=\"https:\/\/katharinameyer.eu\/wp-content\/uploads\/2023\/10\/61-1-768x768.png 768w, https:\/\/katharinameyer.eu\/wp-content\/uploads\/2023\/10\/61-1-300x300.png 300w, https:\/\/katharinameyer.eu\/wp-content\/uploads\/2023\/10\/61-1-1024x1024.png 1024w, https:\/\/katharinameyer.eu\/wp-content\/uploads\/2023\/10\/61-1-150x150.png 150w, https:\/\/katharinameyer.eu\/wp-content\/uploads\/2023\/10\/elementor\/thumbs\/61-1-qdbq2jofz6ldnfdrs2dprma782k9d7m3bcboqepe4w.png 200w, https:\/\/katharinameyer.eu\/wp-content\/uploads\/2023\/10\/elementor\/thumbs\/61-1-qdbq2jogl3zlgfgmzitatnpdqqo2p37y98m9t3y05g.png 250w, https:\/\/katharinameyer.eu\/wp-content\/uploads\/2023\/10\/61-1.png 1125w\" sizes=\"(max-width: 768px) 100vw, 768px\" \/>\t\t\t\t\t\t\t\t\t\t\t\t\t\t\t<\/div>\n\t\t\t\t<\/div>\n\t\t\t\t\t<\/div>\n\t\t<\/div>\n\t\t\t\t<div class=\"elementor-column elementor-col-66 elementor-top-column elementor-element elementor-element-427646f\" data-id=\"427646f\" data-element_type=\"column\">\n\t\t\t<div class=\"elementor-widget-wrap elementor-element-populated\">\n\t\t\t\t\t\t\t\t<div class=\"elementor-element elementor-element-d0de905 elementor-widget__width-initial elementor-widget elementor-widget-heading\" data-id=\"d0de905\" data-element_type=\"widget\" data-widget_type=\"heading.default\">\n\t\t\t\t<div class=\"elementor-widget-container\">\n\t\t\t<h2 class=\"elementor-heading-title elementor-size-default\">Ablauf\n<\/h2>\t\t<\/div>\n\t\t\t\t<\/div>\n\t\t\t\t<div class=\"elementor-element elementor-element-06cbf93 elementor-widget elementor-widget-text-editor\" data-id=\"06cbf93\" data-element_type=\"widget\" data-widget_type=\"text-editor.default\">\n\t\t\t\t<div class=\"elementor-widget-container\">\n\t\t\t\t\t\t\t<ol><li>F\u00fcr eine physiotherapeutische Behandlung ben\u00f6tigen sie eine Verordnung f\u00fcr Physiotherapie von einem Arzt\u00a0<\/li><li>Kontaktieren Sie mich telefonisch oder per Mail, damit wir uns einen Termin ausmachen k\u00f6nnen<\/li><li>Zum vereinbarten Erstbefund nehmen Sie bitte folgendes mit:<ul><li><span style=\"font-style: inherit; font-weight: inherit; color: var(--ast-global-color-3);\">Sportgewand oder gem\u00fctliche Kleidung<\/span><\/li><li><span style=\"font-style: inherit; font-weight: inherit; color: var(--ast-global-color-3);\">die \u00e4rztliche Verordnung<\/span><\/li><li>aktuelle Befunde, Arztbriefe und bildgebende Materialien<\/li><\/ul><\/li><li>Nach dem Ersttermin erstelle ich einen Rehaplan. Dieser wird in den folgenden Einheiten gemeinsam erarbeitet<\/li><li>Nach 10 Einheiten erhalten Sie eine Rechnung<\/li><li>Die Rechnung k\u00f6nnen Sie zur Kostenerstattung bei Ihrer Versicherung einreichen<\/li><\/ol>\t\t\t\t\t\t<\/div>\n\t\t\t\t<\/div>\n\t\t\t\t\t<\/div>\n\t\t<\/div>\n\t\t\t\t\t\t\t<\/div>\n\t\t<\/section>\n\t\t\t\t<section class=\"elementor-section elementor-top-section elementor-element elementor-element-8f7a369 elementor-section-boxed elementor-section-height-default elementor-section-height-default\" data-id=\"8f7a369\" data-element_type=\"section\">\n\t\t\t\t\t\t<div class=\"elementor-container elementor-column-gap-default\">\n\t\t\t\t\t<div class=\"elementor-column elementor-col-100 elementor-top-column elementor-element elementor-element-71fc725\" data-id=\"71fc725\" data-element_type=\"column\">\n\t\t\t<div class=\"elementor-widget-wrap\">\n\t\t\t\t\t\t\t\t\t<\/div>\n\t\t<\/div>\n\t\t\t\t\t\t\t<\/div>\n\t\t<\/section>\n\t\t\t\t\t\t\t<\/div>\n\t\t","protected":false},"excerpt":{"rendered":"<p>Sportphysiotherapie und Training Jede Sportart bringt unterschiedliche Belastungen mit sich. Darum ist es essenziel, nach einer Verletzung oder bei \u00dcberbelastungsproblemen die jeweilige Sportart in Kombination mit Alltagsbelastungen zu analysieren. In weiterer Folge kann ein Trainingsplan zur Rehabilitation und zur Leistungssteigerung erstellt werden. Ein zentraler Punkt in der Sportphysiotherapie ist die optimale Balance von Trainingsreiz und &hellip;<\/p>\n<p class=\"read-more\"> <a class=\"\" href=\"https:\/\/katharinameyer.eu\/index.php\/sportphysiotherapie\/\"> <span class=\"screen-reader-text\">Sportphysiotherapie<\/span> Read More &raquo;<\/a><\/p>\n","protected":false},"author":1,"featured_media":0,"parent":0,"menu_order":0,"comment_status":"closed","ping_status":"closed","template":"","meta":{"site-sidebar-layout":"no-sidebar","site-content-layout":"page-builder","ast-global-header-display":"","ast-banner-title-visibility":"","ast-main-header-display":"","ast-hfb-above-header-display":"","ast-hfb-below-header-display":"","ast-hfb-mobile-header-display":"","site-post-title":"disabled","ast-breadcrumbs-content":"","ast-featured-img":"disabled","footer-sml-layout":"","theme-transparent-header-meta":"","adv-header-id-meta":"","stick-header-meta":"","header-above-stick-meta":"","header-main-stick-meta":"","header-below-stick-meta":""},"yoast_head":"<!-- This site is optimized with the Yoast SEO plugin v21.5 - https:\/\/yoast.com\/wordpress\/plugins\/seo\/ -->\n<title>Sportphysiotherapie -<\/title>\n<meta name=\"robots\" content=\"index, follow, max-snippet:-1, max-image-preview:large, max-video-preview:-1\" \/>\n<link rel=\"canonical\" href=\"https:\/\/katharinameyer.eu\/index.php\/sportphysiotherapie\/\" \/>\n<meta property=\"og:locale\" content=\"de_DE\" \/>\n<meta property=\"og:type\" content=\"article\" \/>\n<meta property=\"og:title\" content=\"Sportphysiotherapie -\" \/>\n<meta property=\"og:description\" content=\"Sportphysiotherapie und Training Jede Sportart bringt unterschiedliche Belastungen mit sich. Darum ist es essenziel, nach einer Verletzung oder bei \u00dcberbelastungsproblemen die jeweilige Sportart in Kombination mit Alltagsbelastungen zu analysieren. In weiterer Folge kann ein Trainingsplan zur Rehabilitation und zur Leistungssteigerung erstellt werden. Ein zentraler Punkt in der Sportphysiotherapie ist die optimale Balance von Trainingsreiz und &hellip; Sportphysiotherapie Read More &raquo;\" \/>\n<meta property=\"og:url\" content=\"https:\/\/katharinameyer.eu\/index.php\/sportphysiotherapie\/\" \/>\n<meta property=\"article:modified_time\" content=\"2023-10-24T16:55:45+00:00\" \/>\n<meta property=\"og:image\" content=\"http:\/\/katharinameyer.eu\/wp-content\/uploads\/2023\/09\/37-768x768.png\" \/>\n<meta name=\"twitter:card\" content=\"summary_large_image\" \/>\n<meta name=\"twitter:label1\" content=\"Gesch\u00e4tzte Lesezeit\" \/>\n\t<meta name=\"twitter:data1\" content=\"2 Minuten\" \/>\n<script type=\"application\/ld+json\" class=\"yoast-schema-graph\">{\"@context\":\"https:\/\/schema.org\",\"@graph\":[{\"@type\":\"WebPage\",\"@id\":\"https:\/\/katharinameyer.eu\/index.php\/sportphysiotherapie\/\",\"url\":\"https:\/\/katharinameyer.eu\/index.php\/sportphysiotherapie\/\",\"name\":\"Sportphysiotherapie -\",\"isPartOf\":{\"@id\":\"https:\/\/katharinameyer.eu\/#website\"},\"datePublished\":\"2023-07-11T13:19:04+00:00\",\"dateModified\":\"2023-10-24T16:55:45+00:00\",\"breadcrumb\":{\"@id\":\"https:\/\/katharinameyer.eu\/index.php\/sportphysiotherapie\/#breadcrumb\"},\"inLanguage\":\"de-AT\",\"potentialAction\":[{\"@type\":\"ReadAction\",\"target\":[\"https:\/\/katharinameyer.eu\/index.php\/sportphysiotherapie\/\"]}]},{\"@type\":\"BreadcrumbList\",\"@id\":\"https:\/\/katharinameyer.eu\/index.php\/sportphysiotherapie\/#breadcrumb\",\"itemListElement\":[{\"@type\":\"ListItem\",\"position\":1,\"name\":\"Startseite\",\"item\":\"https:\/\/katharinameyer.eu\/\"},{\"@type\":\"ListItem\",\"position\":2,\"name\":\"Sportphysiotherapie\"}]},{\"@type\":\"WebSite\",\"@id\":\"https:\/\/katharinameyer.eu\/#website\",\"url\":\"https:\/\/katharinameyer.eu\/\",\"name\":\"\",\"description\":\"\",\"potentialAction\":[{\"@type\":\"SearchAction\",\"target\":{\"@type\":\"EntryPoint\",\"urlTemplate\":\"https:\/\/katharinameyer.eu\/?s={search_term_string}\"},\"query-input\":\"required name=search_term_string\"}],\"inLanguage\":\"de-AT\"}]}<\/script>\n<!-- \/ Yoast SEO plugin. -->","yoast_head_json":{"title":"Sportphysiotherapie -","robots":{"index":"index","follow":"follow","max-snippet":"max-snippet:-1","max-image-preview":"max-image-preview:large","max-video-preview":"max-video-preview:-1"},"canonical":"https:\/\/katharinameyer.eu\/index.php\/sportphysiotherapie\/","og_locale":"de_DE","og_type":"article","og_title":"Sportphysiotherapie -","og_description":"Sportphysiotherapie und Training Jede Sportart bringt unterschiedliche Belastungen mit sich. Darum ist es essenziel, nach einer Verletzung oder bei \u00dcberbelastungsproblemen die jeweilige Sportart in Kombination mit Alltagsbelastungen zu analysieren. In weiterer Folge kann ein Trainingsplan zur Rehabilitation und zur Leistungssteigerung erstellt werden. Ein zentraler Punkt in der Sportphysiotherapie ist die optimale Balance von Trainingsreiz und &hellip; Sportphysiotherapie Read More &raquo;","og_url":"https:\/\/katharinameyer.eu\/index.php\/sportphysiotherapie\/","article_modified_time":"2023-10-24T16:55:45+00:00","og_image":[{"url":"http:\/\/katharinameyer.eu\/wp-content\/uploads\/2023\/09\/37-768x768.png"}],"twitter_card":"summary_large_image","twitter_misc":{"Gesch\u00e4tzte Lesezeit":"2 Minuten"},"schema":{"@context":"https:\/\/schema.org","@graph":[{"@type":"WebPage","@id":"https:\/\/katharinameyer.eu\/index.php\/sportphysiotherapie\/","url":"https:\/\/katharinameyer.eu\/index.php\/sportphysiotherapie\/","name":"Sportphysiotherapie -","isPartOf":{"@id":"https:\/\/katharinameyer.eu\/#website"},"datePublished":"2023-07-11T13:19:04+00:00","dateModified":"2023-10-24T16:55:45+00:00","breadcrumb":{"@id":"https:\/\/katharinameyer.eu\/index.php\/sportphysiotherapie\/#breadcrumb"},"inLanguage":"de-AT","potentialAction":[{"@type":"ReadAction","target":["https:\/\/katharinameyer.eu\/index.php\/sportphysiotherapie\/"]}]},{"@type":"BreadcrumbList","@id":"https:\/\/katharinameyer.eu\/index.php\/sportphysiotherapie\/#breadcrumb","itemListElement":[{"@type":"ListItem","position":1,"name":"Startseite","item":"https:\/\/katharinameyer.eu\/"},{"@type":"ListItem","position":2,"name":"Sportphysiotherapie"}]},{"@type":"WebSite","@id":"https:\/\/katharinameyer.eu\/#website","url":"https:\/\/katharinameyer.eu\/","name":"","description":"","potentialAction":[{"@type":"SearchAction","target":{"@type":"EntryPoint","urlTemplate":"https:\/\/katharinameyer.eu\/?s={search_term_string}"},"query-input":"required name=search_term_string"}],"inLanguage":"de-AT"}]}},"_links":{"self":[{"href":"https:\/\/katharinameyer.eu\/index.php\/wp-json\/wp\/v2\/pages\/1456"}],"collection":[{"href":"https:\/\/katharinameyer.eu\/index.php\/wp-json\/wp\/v2\/pages"}],"about":[{"href":"https:\/\/katharinameyer.eu\/index.php\/wp-json\/wp\/v2\/types\/page"}],"author":[{"embeddable":true,"href":"https:\/\/katharinameyer.eu\/index.php\/wp-json\/wp\/v2\/users\/1"}],"replies":[{"embeddable":true,"href":"https:\/\/katharinameyer.eu\/index.php\/wp-json\/wp\/v2\/comments?post=1456"}],"version-history":[{"count":49,"href":"https:\/\/katharinameyer.eu\/index.php\/wp-json\/wp\/v2\/pages\/1456\/revisions"}],"predecessor-version":[{"id":1875,"href":"https:\/\/katharinameyer.eu\/index.php\/wp-json\/wp\/v2\/pages\/1456\/revisions\/1875"}],"wp:attachment":[{"href":"https:\/\/katharinameyer.eu\/index.php\/wp-json\/wp\/v2\/media?parent=1456"}],"curies":[{"name":"wp","href":"https:\/\/api.w.org\/{rel}","templated":true}]}}