{"id":1467,"date":"2023-07-11T15:25:58","date_gmt":"2023-07-11T13:25:58","guid":{"rendered":"https:\/\/katharinameyer.eu\/?page_id=1467"},"modified":"2023-10-14T21:47:11","modified_gmt":"2023-10-14T19:47:11","slug":"praevention-und-gesundheitsfoerderung","status":"publish","type":"page","link":"https:\/\/katharinameyer.eu\/index.php\/praevention-und-gesundheitsfoerderung\/","title":{"rendered":"Pr\u00e4vention und Gesundheitsf\u00f6rderung"},"content":{"rendered":"\t\t<div data-elementor-type=\"wp-page\" data-elementor-id=\"1467\" class=\"elementor elementor-1467\">\n\t\t\t\t\t\t\t\t\t<section class=\"elementor-section elementor-top-section elementor-element elementor-element-347f1d4 elementor-section-boxed elementor-section-height-default elementor-section-height-default\" data-id=\"347f1d4\" data-element_type=\"section\">\n\t\t\t\t\t\t<div class=\"elementor-container elementor-column-gap-default\">\n\t\t\t\t\t<div class=\"elementor-column elementor-col-100 elementor-top-column elementor-element elementor-element-494c9f4\" data-id=\"494c9f4\" data-element_type=\"column\">\n\t\t\t<div class=\"elementor-widget-wrap elementor-element-populated\">\n\t\t\t\t\t\t\t\t<div class=\"elementor-element elementor-element-6050f79 elementor-widget elementor-widget-image\" data-id=\"6050f79\" data-element_type=\"widget\" data-widget_type=\"image.default\">\n\t\t\t\t<div class=\"elementor-widget-container\">\n\t\t\t<style>\/*! elementor - v3.17.0 - 08-11-2023 *\/\n.elementor-widget-image{text-align:center}.elementor-widget-image a{display:inline-block}.elementor-widget-image a img[src$=\".svg\"]{width:48px}.elementor-widget-image img{vertical-align:middle;display:inline-block}<\/style>\t\t\t\t\t\t\t\t\t\t\t\t<img decoding=\"async\" width=\"768\" height=\"768\" src=\"https:\/\/katharinameyer.eu\/wp-content\/uploads\/2023\/10\/48-pink-768x768.png\" class=\"attachment-medium_large size-medium_large wp-image-1671\" alt=\"\" loading=\"lazy\" srcset=\"https:\/\/katharinameyer.eu\/wp-content\/uploads\/2023\/10\/48-pink-768x768.png 768w, https:\/\/katharinameyer.eu\/wp-content\/uploads\/2023\/10\/48-pink-300x300.png 300w, https:\/\/katharinameyer.eu\/wp-content\/uploads\/2023\/10\/48-pink-1024x1024.png 1024w, https:\/\/katharinameyer.eu\/wp-content\/uploads\/2023\/10\/48-pink-150x150.png 150w, https:\/\/katharinameyer.eu\/wp-content\/uploads\/2023\/10\/elementor\/thumbs\/48-pink-qdbt1yokn60b97txs8ie1qzm79r6z9oz2dyriyvf60.png 500w, https:\/\/katharinameyer.eu\/wp-content\/uploads\/2023\/10\/48-pink.png 1125w\" sizes=\"(max-width: 768px) 100vw, 768px\" \/>\t\t\t\t\t\t\t\t\t\t\t\t\t\t\t<\/div>\n\t\t\t\t<\/div>\n\t\t\t\t\t<\/div>\n\t\t<\/div>\n\t\t\t\t\t\t\t<\/div>\n\t\t<\/section>\n\t\t\t\t<section class=\"elementor-section elementor-top-section elementor-element elementor-element-d8c8725 elementor-section-boxed elementor-section-height-default elementor-section-height-default\" data-id=\"d8c8725\" data-element_type=\"section\">\n\t\t\t\t\t\t<div class=\"elementor-container elementor-column-gap-default\">\n\t\t\t\t\t<div class=\"elementor-column elementor-col-100 elementor-top-column elementor-element elementor-element-a9f62c5\" data-id=\"a9f62c5\" data-element_type=\"column\">\n\t\t\t<div class=\"elementor-widget-wrap elementor-element-populated\">\n\t\t\t\t\t\t\t\t<div class=\"elementor-element elementor-element-2e37eb3 elementor-widget elementor-widget-heading\" data-id=\"2e37eb3\" data-element_type=\"widget\" data-widget_type=\"heading.default\">\n\t\t\t\t<div class=\"elementor-widget-container\">\n\t\t\t<style>\/*! elementor - v3.17.0 - 08-11-2023 *\/\n.elementor-heading-title{padding:0;margin:0;line-height:1}.elementor-widget-heading .elementor-heading-title[class*=elementor-size-]>a{color:inherit;font-size:inherit;line-height:inherit}.elementor-widget-heading .elementor-heading-title.elementor-size-small{font-size:15px}.elementor-widget-heading .elementor-heading-title.elementor-size-medium{font-size:19px}.elementor-widget-heading .elementor-heading-title.elementor-size-large{font-size:29px}.elementor-widget-heading .elementor-heading-title.elementor-size-xl{font-size:39px}.elementor-widget-heading .elementor-heading-title.elementor-size-xxl{font-size:59px}<\/style><h4 class=\"elementor-heading-title elementor-size-default\">Pr\u00e4vention und Gesundheitsf\u00f6rderung<\/h4>\t\t<\/div>\n\t\t\t\t<\/div>\n\t\t\t\t\t<\/div>\n\t\t<\/div>\n\t\t\t\t\t\t\t<\/div>\n\t\t<\/section>\n\t\t\t\t<section class=\"elementor-section elementor-top-section elementor-element elementor-element-8815b5e elementor-section-boxed elementor-section-height-default elementor-section-height-default\" data-id=\"8815b5e\" data-element_type=\"section\">\n\t\t\t\t\t\t<div class=\"elementor-container elementor-column-gap-default\">\n\t\t\t\t\t<div class=\"elementor-column elementor-col-100 elementor-top-column elementor-element elementor-element-8b2e0c8\" data-id=\"8b2e0c8\" data-element_type=\"column\">\n\t\t\t<div class=\"elementor-widget-wrap\">\n\t\t\t\t\t\t\t\t\t<\/div>\n\t\t<\/div>\n\t\t\t\t\t\t\t<\/div>\n\t\t<\/section>\n\t\t\t\t<section class=\"elementor-section elementor-top-section elementor-element elementor-element-5521935 elementor-section-boxed elementor-section-height-default elementor-section-height-default\" data-id=\"5521935\" data-element_type=\"section\">\n\t\t\t\t\t\t<div class=\"elementor-container elementor-column-gap-default\">\n\t\t\t\t\t<div class=\"elementor-column elementor-col-100 elementor-top-column elementor-element elementor-element-b8e7f07\" data-id=\"b8e7f07\" data-element_type=\"column\">\n\t\t\t<div class=\"elementor-widget-wrap elementor-element-populated\">\n\t\t\t\t\t\t\t\t<div class=\"elementor-element elementor-element-faae34c elementor-widget elementor-widget-text-editor\" data-id=\"faae34c\" data-element_type=\"widget\" data-widget_type=\"text-editor.default\">\n\t\t\t\t<div class=\"elementor-widget-container\">\n\t\t\t<style>\/*! elementor - v3.17.0 - 08-11-2023 *\/\n.elementor-widget-text-editor.elementor-drop-cap-view-stacked .elementor-drop-cap{background-color:#69727d;color:#fff}.elementor-widget-text-editor.elementor-drop-cap-view-framed .elementor-drop-cap{color:#69727d;border:3px solid;background-color:transparent}.elementor-widget-text-editor:not(.elementor-drop-cap-view-default) .elementor-drop-cap{margin-top:8px}.elementor-widget-text-editor:not(.elementor-drop-cap-view-default) .elementor-drop-cap-letter{width:1em;height:1em}.elementor-widget-text-editor .elementor-drop-cap{float:left;text-align:center;line-height:1;font-size:50px}.elementor-widget-text-editor .elementor-drop-cap-letter{display:inline-block}<\/style>\t\t\t\t<p><em>\u201eWas vergangen ist, ist vergangen, und du wei\u00dft nicht, was die Zukunft dir bringen mag. Aber das Hier und Jetzt, das geh\u00f6rt dir.\u201c <br \/>(Der kleine Prinz)<\/em><\/p><p>\u2026und im Hier und Jetzt k\u00f6nnen wir unserem Zukunfts-Ich etwas Gutes tun! Das Leben birgt unz\u00e4hlige k\u00f6rperliche Belastungen. 40h\/Woche sitzen? Das ist nicht olympisch? Verr\u00fcckt! Nachtschichten, schnelles pr\u00e4zises Arbeiten, schweres Schleppen, immer wiederholende Bewegungen\u2026 egal ob in der Freizeit, in der Arbeit oder im Sport, unser K\u00f6rper wird permanent belastet. Doch wie belastbar sind wir? Wann ist die Grenze erreicht? Und warum nicht einfach vorher etwas dagegen machen? Durch eine Analyse der anfallenden Belastungen erstellen wir gemeinsam einen Trainingsplan, um f\u00fcr anfallende Belastungen ger\u00fcstet zu sein.<\/p>\t\t\t\t\t\t<\/div>\n\t\t\t\t<\/div>\n\t\t\t\t<div class=\"elementor-element elementor-element-ed64610 elementor-align-center elementor-widget elementor-widget-button\" data-id=\"ed64610\" data-element_type=\"widget\" data-widget_type=\"button.default\">\n\t\t\t\t<div class=\"elementor-widget-container\">\n\t\t\t\t\t<div class=\"elementor-button-wrapper\">\n\t\t\t<a class=\"elementor-button elementor-button-link elementor-size-sm\" href=\"https:\/\/katharinameyer.eu\/index.php\/contact\/\" id=\"Termine\">\n\t\t\t\t\t\t<span class=\"elementor-button-content-wrapper\">\n\t\t\t\t\t\t<span class=\"elementor-button-text\">Termine<\/span>\n\t\t<\/span>\n\t\t\t\t\t<\/a>\n\t\t<\/div>\n\t\t\t\t<\/div>\n\t\t\t\t<\/div>\n\t\t\t\t\t<\/div>\n\t\t<\/div>\n\t\t\t\t\t\t\t<\/div>\n\t\t<\/section>\n\t\t\t\t<section class=\"elementor-section elementor-top-section elementor-element elementor-element-387923d elementor-section-boxed elementor-section-height-default elementor-section-height-default\" data-id=\"387923d\" data-element_type=\"section\">\n\t\t\t\t\t\t<div class=\"elementor-container elementor-column-gap-default\">\n\t\t\t\t\t<div class=\"elementor-column elementor-col-66 elementor-top-column elementor-element elementor-element-dceb508\" data-id=\"dceb508\" data-element_type=\"column\">\n\t\t\t<div class=\"elementor-widget-wrap elementor-element-populated\">\n\t\t\t\t\t\t\t\t<div class=\"elementor-element elementor-element-f86b96a elementor-widget elementor-widget-heading\" data-id=\"f86b96a\" data-element_type=\"widget\" data-widget_type=\"heading.default\">\n\t\t\t\t<div class=\"elementor-widget-container\">\n\t\t\t<h2 class=\"elementor-heading-title elementor-size-default\">Preis<\/h2>\t\t<\/div>\n\t\t\t\t<\/div>\n\t\t\t\t<div class=\"elementor-element elementor-element-5649843 elementor-widget elementor-widget-text-editor\" data-id=\"5649843\" data-element_type=\"widget\" data-widget_type=\"text-editor.default\">\n\t\t\t\t<div class=\"elementor-widget-container\">\n\t\t\t\t\t\t\t<p><strong>Physiotherapie<br \/><\/strong>45min&#8230;&#8230;&#8230;&#8230;&#8230;&#8230;&#8230;&#8230;&#8230;&#8230;&#8230;&#8230;&#8230;&#8230;&#8230;&#8230;..90\u20ac<br \/><strong>Physiotherapie<br \/><\/strong>60min&#8230;&#8230;&#8230;&#8230;&#8230;&#8230;&#8230;&#8230;&#8230;&#8230;&#8230;&#8230;&#8230;&#8230;&#8230;&#8230;100\u20ac<br \/><strong>Ersttermin<br \/><\/strong>60min&#8230;&#8230;&#8230;&#8230;&#8230;&#8230;&#8230;&#8230;&#8230;&#8230;&#8230;&#8230;&#8230;&#8230;&#8230;&#8230;120\u20ac<br \/><em><span style=\"font-weight: inherit; color: var(--ast-global-color-3);\">(nach dem Ersttermin und der Befundung erstelle ich einen Rehaplan)<\/span><\/em><\/p>\t\t\t\t\t\t<\/div>\n\t\t\t\t<\/div>\n\t\t\t\t\t<\/div>\n\t\t<\/div>\n\t\t\t\t<div class=\"elementor-column elementor-col-33 elementor-top-column elementor-element elementor-element-d84c3a0\" data-id=\"d84c3a0\" data-element_type=\"column\">\n\t\t\t<div class=\"elementor-widget-wrap elementor-element-populated\">\n\t\t\t\t\t\t\t\t<div class=\"elementor-element elementor-element-f89b7fa elementor-widget elementor-widget-image\" data-id=\"f89b7fa\" data-element_type=\"widget\" data-widget_type=\"image.default\">\n\t\t\t\t<div class=\"elementor-widget-container\">\n\t\t\t\t\t\t\t\t\t\t\t\t\t\t\t<img decoding=\"async\" width=\"768\" height=\"658\" src=\"https:\/\/katharinameyer.eu\/wp-content\/uploads\/2023\/10\/55-e1696362281698-768x658.png\" class=\"attachment-medium_large size-medium_large wp-image-1633\" alt=\"\" loading=\"lazy\" srcset=\"https:\/\/katharinameyer.eu\/wp-content\/uploads\/2023\/10\/55-e1696362281698-768x658.png 768w, https:\/\/katharinameyer.eu\/wp-content\/uploads\/2023\/10\/55-e1696362281698-300x257.png 300w, https:\/\/katharinameyer.eu\/wp-content\/uploads\/2023\/10\/55-e1696362281698-1024x878.png 1024w, https:\/\/katharinameyer.eu\/wp-content\/uploads\/2023\/10\/55-e1696362281698.png 1063w\" sizes=\"(max-width: 768px) 100vw, 768px\" \/>\t\t\t\t\t\t\t\t\t\t\t\t\t\t\t<\/div>\n\t\t\t\t<\/div>\n\t\t\t\t\t<\/div>\n\t\t<\/div>\n\t\t\t\t\t\t\t<\/div>\n\t\t<\/section>\n\t\t\t\t<section class=\"elementor-section elementor-top-section elementor-element elementor-element-ae961da elementor-section-boxed elementor-section-height-default elementor-section-height-default\" data-id=\"ae961da\" data-element_type=\"section\">\n\t\t\t\t\t\t<div class=\"elementor-container elementor-column-gap-default\">\n\t\t\t\t\t<div class=\"elementor-column elementor-col-33 elementor-top-column elementor-element elementor-element-88c0bf0\" data-id=\"88c0bf0\" data-element_type=\"column\">\n\t\t\t<div class=\"elementor-widget-wrap elementor-element-populated\">\n\t\t\t\t\t\t\t\t<div class=\"elementor-element elementor-element-a611629 elementor-widget elementor-widget-image\" data-id=\"a611629\" data-element_type=\"widget\" data-widget_type=\"image.default\">\n\t\t\t\t<div class=\"elementor-widget-container\">\n\t\t\t\t\t\t\t\t\t\t\t\t\t\t\t<img decoding=\"async\" width=\"768\" height=\"768\" src=\"https:\/\/katharinameyer.eu\/wp-content\/uploads\/2023\/10\/61-1-768x768.png\" class=\"attachment-medium_large size-medium_large wp-image-1634\" alt=\"\" loading=\"lazy\" srcset=\"https:\/\/katharinameyer.eu\/wp-content\/uploads\/2023\/10\/61-1-768x768.png 768w, https:\/\/katharinameyer.eu\/wp-content\/uploads\/2023\/10\/61-1-300x300.png 300w, https:\/\/katharinameyer.eu\/wp-content\/uploads\/2023\/10\/61-1-1024x1024.png 1024w, https:\/\/katharinameyer.eu\/wp-content\/uploads\/2023\/10\/61-1-150x150.png 150w, https:\/\/katharinameyer.eu\/wp-content\/uploads\/2023\/10\/elementor\/thumbs\/61-1-qdbq2jofz6ldnfdrs2dprma782k9d7m3bcboqepe4w.png 200w, https:\/\/katharinameyer.eu\/wp-content\/uploads\/2023\/10\/elementor\/thumbs\/61-1-qdbq2jogl3zlgfgmzitatnpdqqo2p37y98m9t3y05g.png 250w, https:\/\/katharinameyer.eu\/wp-content\/uploads\/2023\/10\/61-1.png 1125w\" sizes=\"(max-width: 768px) 100vw, 768px\" \/>\t\t\t\t\t\t\t\t\t\t\t\t\t\t\t<\/div>\n\t\t\t\t<\/div>\n\t\t\t\t\t<\/div>\n\t\t<\/div>\n\t\t\t\t<div class=\"elementor-column elementor-col-66 elementor-top-column elementor-element elementor-element-8142c26\" data-id=\"8142c26\" data-element_type=\"column\">\n\t\t\t<div class=\"elementor-widget-wrap elementor-element-populated\">\n\t\t\t\t\t\t\t\t<div class=\"elementor-element elementor-element-6c9207f elementor-widget elementor-widget-heading\" data-id=\"6c9207f\" data-element_type=\"widget\" data-widget_type=\"heading.default\">\n\t\t\t\t<div class=\"elementor-widget-container\">\n\t\t\t<h2 class=\"elementor-heading-title elementor-size-default\">Ablauf<\/h2>\t\t<\/div>\n\t\t\t\t<\/div>\n\t\t\t\t<div class=\"elementor-element elementor-element-0f9e588 elementor-widget elementor-widget-text-editor\" data-id=\"0f9e588\" data-element_type=\"widget\" data-widget_type=\"text-editor.default\">\n\t\t\t\t<div class=\"elementor-widget-container\">\n\t\t\t\t\t\t\t<ol><li>F\u00fcr eine physiotherapeutische Behandlung ben\u00f6tigen sie eine Verordnung f\u00fcr Physiotherapie von einem Arzt\u00a0<\/li><li>Kontaktieren Sie mich telefonisch oder per Mail, damit wir uns einen Termin ausmachen k\u00f6nnen<\/li><li>Zum vereinbarten Erstbefund nehmen Sie bitte folgendes mit:<ul><li><span style=\"font-style: inherit; font-weight: inherit; color: var(--ast-global-color-3);\">Sportgewand oder gem\u00fctliche Kleidung<\/span><\/li><li><span style=\"font-style: inherit; font-weight: inherit; color: var(--ast-global-color-3);\">die \u00e4rztliche Verordnung<\/span><\/li><li>aktuelle Befunde, Arztbriefe und bildgebende Materialien<\/li><\/ul><\/li><li>Nach dem Ersttermin erstelle ich einen Rehaplan. Dieser wird in den folgenden Einheiten gemeinsam erarbeitet<\/li><li>Nach 10 Einheiten erhalten Sie eine Rechnung<\/li><li>Die Rechnung k\u00f6nnen Sie zur Kostenerstattung bei Ihrer Versicherung einreichen<\/li><\/ol>\t\t\t\t\t\t<\/div>\n\t\t\t\t<\/div>\n\t\t\t\t\t<\/div>\n\t\t<\/div>\n\t\t\t\t\t\t\t<\/div>\n\t\t<\/section>\n\t\t\t\t<section class=\"elementor-section elementor-top-section elementor-element elementor-element-a0072e1 elementor-section-boxed elementor-section-height-default elementor-section-height-default\" data-id=\"a0072e1\" data-element_type=\"section\">\n\t\t\t\t\t\t<div class=\"elementor-container elementor-column-gap-default\">\n\t\t\t\t\t<div class=\"elementor-column elementor-col-100 elementor-top-column elementor-element elementor-element-a2969ee\" data-id=\"a2969ee\" data-element_type=\"column\">\n\t\t\t<div class=\"elementor-widget-wrap\">\n\t\t\t\t\t\t\t\t\t<\/div>\n\t\t<\/div>\n\t\t\t\t\t\t\t<\/div>\n\t\t<\/section>\n\t\t\t\t\t\t\t<\/div>\n\t\t","protected":false},"excerpt":{"rendered":"<p>Pr\u00e4vention und Gesundheitsf\u00f6rderung \u201eWas vergangen ist, ist vergangen, und du wei\u00dft nicht, was die Zukunft dir bringen mag. Aber das Hier und Jetzt, das geh\u00f6rt dir.\u201c (Der kleine Prinz) \u2026und im Hier und Jetzt k\u00f6nnen wir unserem Zukunfts-Ich etwas Gutes tun! Das Leben birgt unz\u00e4hlige k\u00f6rperliche Belastungen. 40h\/Woche sitzen? Das ist nicht olympisch? Verr\u00fcckt! Nachtschichten, &hellip;<\/p>\n<p class=\"read-more\"> <a class=\"\" href=\"https:\/\/katharinameyer.eu\/index.php\/praevention-und-gesundheitsfoerderung\/\"> <span class=\"screen-reader-text\">Pr\u00e4vention und Gesundheitsf\u00f6rderung<\/span> Read More &raquo;<\/a><\/p>\n","protected":false},"author":1,"featured_media":0,"parent":0,"menu_order":0,"comment_status":"closed","ping_status":"closed","template":"","meta":{"site-sidebar-layout":"no-sidebar","site-content-layout":"page-builder","ast-global-header-display":"","ast-banner-title-visibility":"","ast-main-header-display":"","ast-hfb-above-header-display":"","ast-hfb-below-header-display":"","ast-hfb-mobile-header-display":"","site-post-title":"disabled","ast-breadcrumbs-content":"","ast-featured-img":"disabled","footer-sml-layout":"","theme-transparent-header-meta":"","adv-header-id-meta":"","stick-header-meta":"","header-above-stick-meta":"","header-main-stick-meta":"","header-below-stick-meta":""},"yoast_head":"<!-- This site is optimized with the Yoast SEO plugin v21.5 - https:\/\/yoast.com\/wordpress\/plugins\/seo\/ -->\n<title>Pr\u00e4vention und Gesundheitsf\u00f6rderung -<\/title>\n<meta name=\"robots\" content=\"index, follow, max-snippet:-1, max-image-preview:large, max-video-preview:-1\" \/>\n<link rel=\"canonical\" href=\"https:\/\/katharinameyer.eu\/index.php\/praevention-und-gesundheitsfoerderung\/\" \/>\n<meta property=\"og:locale\" content=\"de_DE\" \/>\n<meta property=\"og:type\" content=\"article\" \/>\n<meta property=\"og:title\" content=\"Pr\u00e4vention und Gesundheitsf\u00f6rderung -\" \/>\n<meta property=\"og:description\" content=\"Pr\u00e4vention und Gesundheitsf\u00f6rderung \u201eWas vergangen ist, ist vergangen, und du wei\u00dft nicht, was die Zukunft dir bringen mag. Aber das Hier und Jetzt, das geh\u00f6rt dir.\u201c (Der kleine Prinz) \u2026und im Hier und Jetzt k\u00f6nnen wir unserem Zukunfts-Ich etwas Gutes tun! Das Leben birgt unz\u00e4hlige k\u00f6rperliche Belastungen. 40h\/Woche sitzen? Das ist nicht olympisch? Verr\u00fcckt! Nachtschichten, &hellip; Pr\u00e4vention und Gesundheitsf\u00f6rderung Read More &raquo;\" \/>\n<meta property=\"og:url\" content=\"https:\/\/katharinameyer.eu\/index.php\/praevention-und-gesundheitsfoerderung\/\" \/>\n<meta property=\"article:modified_time\" content=\"2023-10-14T19:47:11+00:00\" \/>\n<meta property=\"og:image\" content=\"http:\/\/katharinameyer.eu\/wp-content\/uploads\/2023\/10\/48-pink-768x768.png\" \/>\n<meta name=\"twitter:card\" content=\"summary_large_image\" \/>\n<meta name=\"twitter:label1\" content=\"Gesch\u00e4tzte Lesezeit\" \/>\n\t<meta name=\"twitter:data1\" content=\"2 Minuten\" \/>\n<script type=\"application\/ld+json\" class=\"yoast-schema-graph\">{\"@context\":\"https:\/\/schema.org\",\"@graph\":[{\"@type\":\"WebPage\",\"@id\":\"https:\/\/katharinameyer.eu\/index.php\/praevention-und-gesundheitsfoerderung\/\",\"url\":\"https:\/\/katharinameyer.eu\/index.php\/praevention-und-gesundheitsfoerderung\/\",\"name\":\"Pr\u00e4vention und Gesundheitsf\u00f6rderung -\",\"isPartOf\":{\"@id\":\"https:\/\/katharinameyer.eu\/#website\"},\"datePublished\":\"2023-07-11T13:25:58+00:00\",\"dateModified\":\"2023-10-14T19:47:11+00:00\",\"breadcrumb\":{\"@id\":\"https:\/\/katharinameyer.eu\/index.php\/praevention-und-gesundheitsfoerderung\/#breadcrumb\"},\"inLanguage\":\"de-AT\",\"potentialAction\":[{\"@type\":\"ReadAction\",\"target\":[\"https:\/\/katharinameyer.eu\/index.php\/praevention-und-gesundheitsfoerderung\/\"]}]},{\"@type\":\"BreadcrumbList\",\"@id\":\"https:\/\/katharinameyer.eu\/index.php\/praevention-und-gesundheitsfoerderung\/#breadcrumb\",\"itemListElement\":[{\"@type\":\"ListItem\",\"position\":1,\"name\":\"Startseite\",\"item\":\"https:\/\/katharinameyer.eu\/\"},{\"@type\":\"ListItem\",\"position\":2,\"name\":\"Pr\u00e4vention und Gesundheitsf\u00f6rderung\"}]},{\"@type\":\"WebSite\",\"@id\":\"https:\/\/katharinameyer.eu\/#website\",\"url\":\"https:\/\/katharinameyer.eu\/\",\"name\":\"\",\"description\":\"\",\"potentialAction\":[{\"@type\":\"SearchAction\",\"target\":{\"@type\":\"EntryPoint\",\"urlTemplate\":\"https:\/\/katharinameyer.eu\/?s={search_term_string}\"},\"query-input\":\"required name=search_term_string\"}],\"inLanguage\":\"de-AT\"}]}<\/script>\n<!-- \/ Yoast SEO plugin. -->","yoast_head_json":{"title":"Pr\u00e4vention und Gesundheitsf\u00f6rderung -","robots":{"index":"index","follow":"follow","max-snippet":"max-snippet:-1","max-image-preview":"max-image-preview:large","max-video-preview":"max-video-preview:-1"},"canonical":"https:\/\/katharinameyer.eu\/index.php\/praevention-und-gesundheitsfoerderung\/","og_locale":"de_DE","og_type":"article","og_title":"Pr\u00e4vention und Gesundheitsf\u00f6rderung -","og_description":"Pr\u00e4vention und Gesundheitsf\u00f6rderung \u201eWas vergangen ist, ist vergangen, und du wei\u00dft nicht, was die Zukunft dir bringen mag. Aber das Hier und Jetzt, das geh\u00f6rt dir.\u201c (Der kleine Prinz) \u2026und im Hier und Jetzt k\u00f6nnen wir unserem Zukunfts-Ich etwas Gutes tun! Das Leben birgt unz\u00e4hlige k\u00f6rperliche Belastungen. 40h\/Woche sitzen? Das ist nicht olympisch? Verr\u00fcckt! Nachtschichten, &hellip; Pr\u00e4vention und Gesundheitsf\u00f6rderung Read More &raquo;","og_url":"https:\/\/katharinameyer.eu\/index.php\/praevention-und-gesundheitsfoerderung\/","article_modified_time":"2023-10-14T19:47:11+00:00","og_image":[{"url":"http:\/\/katharinameyer.eu\/wp-content\/uploads\/2023\/10\/48-pink-768x768.png"}],"twitter_card":"summary_large_image","twitter_misc":{"Gesch\u00e4tzte Lesezeit":"2 Minuten"},"schema":{"@context":"https:\/\/schema.org","@graph":[{"@type":"WebPage","@id":"https:\/\/katharinameyer.eu\/index.php\/praevention-und-gesundheitsfoerderung\/","url":"https:\/\/katharinameyer.eu\/index.php\/praevention-und-gesundheitsfoerderung\/","name":"Pr\u00e4vention und Gesundheitsf\u00f6rderung -","isPartOf":{"@id":"https:\/\/katharinameyer.eu\/#website"},"datePublished":"2023-07-11T13:25:58+00:00","dateModified":"2023-10-14T19:47:11+00:00","breadcrumb":{"@id":"https:\/\/katharinameyer.eu\/index.php\/praevention-und-gesundheitsfoerderung\/#breadcrumb"},"inLanguage":"de-AT","potentialAction":[{"@type":"ReadAction","target":["https:\/\/katharinameyer.eu\/index.php\/praevention-und-gesundheitsfoerderung\/"]}]},{"@type":"BreadcrumbList","@id":"https:\/\/katharinameyer.eu\/index.php\/praevention-und-gesundheitsfoerderung\/#breadcrumb","itemListElement":[{"@type":"ListItem","position":1,"name":"Startseite","item":"https:\/\/katharinameyer.eu\/"},{"@type":"ListItem","position":2,"name":"Pr\u00e4vention und Gesundheitsf\u00f6rderung"}]},{"@type":"WebSite","@id":"https:\/\/katharinameyer.eu\/#website","url":"https:\/\/katharinameyer.eu\/","name":"","description":"","potentialAction":[{"@type":"SearchAction","target":{"@type":"EntryPoint","urlTemplate":"https:\/\/katharinameyer.eu\/?s={search_term_string}"},"query-input":"required name=search_term_string"}],"inLanguage":"de-AT"}]}},"_links":{"self":[{"href":"https:\/\/katharinameyer.eu\/index.php\/wp-json\/wp\/v2\/pages\/1467"}],"collection":[{"href":"https:\/\/katharinameyer.eu\/index.php\/wp-json\/wp\/v2\/pages"}],"about":[{"href":"https:\/\/katharinameyer.eu\/index.php\/wp-json\/wp\/v2\/types\/page"}],"author":[{"embeddable":true,"href":"https:\/\/katharinameyer.eu\/index.php\/wp-json\/wp\/v2\/users\/1"}],"replies":[{"embeddable":true,"href":"https:\/\/katharinameyer.eu\/index.php\/wp-json\/wp\/v2\/comments?post=1467"}],"version-history":[{"count":22,"href":"https:\/\/katharinameyer.eu\/index.php\/wp-json\/wp\/v2\/pages\/1467\/revisions"}],"predecessor-version":[{"id":1808,"href":"https:\/\/katharinameyer.eu\/index.php\/wp-json\/wp\/v2\/pages\/1467\/revisions\/1808"}],"wp:attachment":[{"href":"https:\/\/katharinameyer.eu\/index.php\/wp-json\/wp\/v2\/media?parent=1467"}],"curies":[{"name":"wp","href":"https:\/\/api.w.org\/{rel}","templated":true}]}}