{"id":15,"date":"2021-11-21T15:14:41","date_gmt":"2021-11-21T15:14:41","guid":{"rendered":"https:\/\/katharinameyer.eu\/index.php\/services\/"},"modified":"2023-10-23T14:58:13","modified_gmt":"2023-10-23T12:58:13","slug":"services","status":"publish","type":"page","link":"https:\/\/katharinameyer.eu\/index.php\/services\/","title":{"rendered":"Leistungen"},"content":{"rendered":"\t\t<div data-elementor-type=\"wp-page\" data-elementor-id=\"15\" class=\"elementor elementor-15\">\n\t\t\t\t\t\t\t\t\t<section class=\"elementor-section elementor-top-section elementor-element elementor-element-6a7a0f1 elementor-section-boxed elementor-section-height-default elementor-section-height-default\" data-id=\"6a7a0f1\" data-element_type=\"section\">\n\t\t\t\t\t\t<div class=\"elementor-container elementor-column-gap-default\">\n\t\t\t\t\t<div class=\"elementor-column elementor-col-100 elementor-top-column elementor-element elementor-element-256f37e\" data-id=\"256f37e\" data-element_type=\"column\">\n\t\t\t<div class=\"elementor-widget-wrap elementor-element-populated\">\n\t\t\t\t\t\t\t\t<div class=\"elementor-element elementor-element-0fd378a elementor-widget elementor-widget-spacer\" data-id=\"0fd378a\" data-element_type=\"widget\" data-widget_type=\"spacer.default\">\n\t\t\t\t<div class=\"elementor-widget-container\">\n\t\t\t<style>\/*! elementor - v3.17.0 - 08-11-2023 *\/\n.elementor-column .elementor-spacer-inner{height:var(--spacer-size)}.e-con{--container-widget-width:100%}.e-con-inner>.elementor-widget-spacer,.e-con>.elementor-widget-spacer{width:var(--container-widget-width,var(--spacer-size));--align-self:var(--container-widget-align-self,initial);--flex-shrink:0}.e-con-inner>.elementor-widget-spacer>.elementor-widget-container,.e-con>.elementor-widget-spacer>.elementor-widget-container{height:100%;width:100%}.e-con-inner>.elementor-widget-spacer>.elementor-widget-container>.elementor-spacer,.e-con>.elementor-widget-spacer>.elementor-widget-container>.elementor-spacer{height:100%}.e-con-inner>.elementor-widget-spacer>.elementor-widget-container>.elementor-spacer>.elementor-spacer-inner,.e-con>.elementor-widget-spacer>.elementor-widget-container>.elementor-spacer>.elementor-spacer-inner{height:var(--container-widget-height,var(--spacer-size))}.e-con-inner>.elementor-widget-spacer.elementor-widget-empty,.e-con>.elementor-widget-spacer.elementor-widget-empty{position:relative;min-height:22px;min-width:22px}.e-con-inner>.elementor-widget-spacer.elementor-widget-empty .elementor-widget-empty-icon,.e-con>.elementor-widget-spacer.elementor-widget-empty .elementor-widget-empty-icon{position:absolute;top:0;bottom:0;left:0;right:0;margin:auto;padding:0;width:22px;height:22px}<\/style>\t\t<div class=\"elementor-spacer\">\n\t\t\t<div class=\"elementor-spacer-inner\"><\/div>\n\t\t<\/div>\n\t\t\t\t<\/div>\n\t\t\t\t<\/div>\n\t\t\t\t<div class=\"elementor-element elementor-element-3276dea elementor-widget elementor-widget-spacer\" data-id=\"3276dea\" data-element_type=\"widget\" data-widget_type=\"spacer.default\">\n\t\t\t\t<div class=\"elementor-widget-container\">\n\t\t\t\t\t<div class=\"elementor-spacer\">\n\t\t\t<div class=\"elementor-spacer-inner\"><\/div>\n\t\t<\/div>\n\t\t\t\t<\/div>\n\t\t\t\t<\/div>\n\t\t\t\t\t<\/div>\n\t\t<\/div>\n\t\t\t\t\t\t\t<\/div>\n\t\t<\/section>\n\t\t\t\t<section class=\"elementor-section elementor-top-section elementor-element elementor-element-f1f6ea9 elementor-section-boxed elementor-section-height-default elementor-section-height-default\" data-id=\"f1f6ea9\" data-element_type=\"section\">\n\t\t\t\t\t\t<div class=\"elementor-container elementor-column-gap-default\">\n\t\t\t\t\t<div class=\"elementor-column elementor-col-33 elementor-top-column elementor-element elementor-element-c983f07\" data-id=\"c983f07\" data-element_type=\"column\">\n\t\t\t<div class=\"elementor-widget-wrap elementor-element-populated\">\n\t\t\t\t\t\t\t\t<div class=\"elementor-element elementor-element-5f70d88 elementor-widget elementor-widget-image\" data-id=\"5f70d88\" data-element_type=\"widget\" data-widget_type=\"image.default\">\n\t\t\t\t<div class=\"elementor-widget-container\">\n\t\t\t<style>\/*! elementor - v3.17.0 - 08-11-2023 *\/\n.elementor-widget-image{text-align:center}.elementor-widget-image a{display:inline-block}.elementor-widget-image a img[src$=\".svg\"]{width:48px}.elementor-widget-image img{vertical-align:middle;display:inline-block}<\/style>\t\t\t\t\t\t\t\t\t\t\t\t<img decoding=\"async\" width=\"1024\" height=\"1024\" src=\"https:\/\/katharinameyer.eu\/wp-content\/uploads\/2023\/09\/32-1024x1024.png\" class=\"attachment-large size-large wp-image-1590\" alt=\"\" loading=\"lazy\" srcset=\"https:\/\/katharinameyer.eu\/wp-content\/uploads\/2023\/09\/32-1024x1024.png 1024w, https:\/\/katharinameyer.eu\/wp-content\/uploads\/2023\/09\/32-300x300.png 300w, https:\/\/katharinameyer.eu\/wp-content\/uploads\/2023\/09\/32-150x150.png 150w, https:\/\/katharinameyer.eu\/wp-content\/uploads\/2023\/09\/32-768x768.png 768w, https:\/\/katharinameyer.eu\/wp-content\/uploads\/2023\/09\/32-1536x1536.png 1536w, https:\/\/katharinameyer.eu\/wp-content\/uploads\/2023\/09\/elementor\/thumbs\/32-qce6t41jnxjaro0o9uzmkp3zgx2rjxdhwlhf4wuc20.png 500w, https:\/\/katharinameyer.eu\/wp-content\/uploads\/2023\/09\/32.png 1563w\" sizes=\"(max-width: 1024px) 100vw, 1024px\" \/>\t\t\t\t\t\t\t\t\t\t\t\t\t\t\t<\/div>\n\t\t\t\t<\/div>\n\t\t\t\t<div class=\"elementor-element elementor-element-8c96c29 elementor-widget elementor-widget-heading\" data-id=\"8c96c29\" data-element_type=\"widget\" data-widget_type=\"heading.default\">\n\t\t\t\t<div class=\"elementor-widget-container\">\n\t\t\t<style>\/*! elementor - v3.17.0 - 08-11-2023 *\/\n.elementor-heading-title{padding:0;margin:0;line-height:1}.elementor-widget-heading .elementor-heading-title[class*=elementor-size-]>a{color:inherit;font-size:inherit;line-height:inherit}.elementor-widget-heading .elementor-heading-title.elementor-size-small{font-size:15px}.elementor-widget-heading .elementor-heading-title.elementor-size-medium{font-size:19px}.elementor-widget-heading .elementor-heading-title.elementor-size-large{font-size:29px}.elementor-widget-heading .elementor-heading-title.elementor-size-xl{font-size:39px}.elementor-widget-heading .elementor-heading-title.elementor-size-xxl{font-size:59px}<\/style><h4 class=\"elementor-heading-title elementor-size-default\">Physiotherapie <br>Ortho\/Unfall<\/h4>\t\t<\/div>\n\t\t\t\t<\/div>\n\t\t\t\t<div class=\"elementor-element elementor-element-b566fd5 elementor-widget elementor-widget-text-editor\" data-id=\"b566fd5\" data-element_type=\"widget\" data-widget_type=\"text-editor.default\">\n\t\t\t\t<div class=\"elementor-widget-container\">\n\t\t\t<style>\/*! elementor - v3.17.0 - 08-11-2023 *\/\n.elementor-widget-text-editor.elementor-drop-cap-view-stacked .elementor-drop-cap{background-color:#69727d;color:#fff}.elementor-widget-text-editor.elementor-drop-cap-view-framed .elementor-drop-cap{color:#69727d;border:3px solid;background-color:transparent}.elementor-widget-text-editor:not(.elementor-drop-cap-view-default) .elementor-drop-cap{margin-top:8px}.elementor-widget-text-editor:not(.elementor-drop-cap-view-default) .elementor-drop-cap-letter{width:1em;height:1em}.elementor-widget-text-editor .elementor-drop-cap{float:left;text-align:center;line-height:1;font-size:50px}.elementor-widget-text-editor .elementor-drop-cap-letter{display:inline-block}<\/style>\t\t\t\t<p>Zur Unterst\u00fctzung des k\u00f6rpereigenen Heilungsprozesses nach Unf\u00e4llen, Operationen oder orthop\u00e4dischen Problemen<\/p>\t\t\t\t\t\t<\/div>\n\t\t\t\t<\/div>\n\t\t\t\t<div class=\"elementor-element elementor-element-a8fa6f5 elementor-align-center elementor-button-info elementor-widget elementor-widget-button\" data-id=\"a8fa6f5\" data-element_type=\"widget\" data-widget_type=\"button.default\">\n\t\t\t\t<div class=\"elementor-widget-container\">\n\t\t\t\t\t<div class=\"elementor-button-wrapper\">\n\t\t\t<a class=\"elementor-button elementor-button-link elementor-size-sm\" href=\"https:\/\/katharinameyer.eu\/index.php\/physiotherapie-info\/\" rel=\"nofollow\" id=\"Physio_Info\">\n\t\t\t\t\t\t<span class=\"elementor-button-content-wrapper\">\n\t\t\t\t\t\t<span class=\"elementor-button-text\">Info<\/span>\n\t\t<\/span>\n\t\t\t\t\t<\/a>\n\t\t<\/div>\n\t\t\t\t<\/div>\n\t\t\t\t<\/div>\n\t\t\t\t\t<\/div>\n\t\t<\/div>\n\t\t\t\t<div class=\"elementor-column elementor-col-33 elementor-top-column elementor-element elementor-element-6247910\" data-id=\"6247910\" data-element_type=\"column\">\n\t\t\t<div class=\"elementor-widget-wrap elementor-element-populated\">\n\t\t\t\t\t\t\t\t<div class=\"elementor-element elementor-element-2f51b59 elementor-widget elementor-widget-image\" data-id=\"2f51b59\" data-element_type=\"widget\" data-widget_type=\"image.default\">\n\t\t\t\t<div class=\"elementor-widget-container\">\n\t\t\t\t\t\t\t\t\t\t\t\t\t\t\t<img decoding=\"async\" width=\"1024\" height=\"1024\" src=\"https:\/\/katharinameyer.eu\/wp-content\/uploads\/2023\/09\/37-1024x1024.png\" class=\"attachment-large size-large wp-image-1591\" alt=\"\" loading=\"lazy\" srcset=\"https:\/\/katharinameyer.eu\/wp-content\/uploads\/2023\/09\/37-1024x1024.png 1024w, https:\/\/katharinameyer.eu\/wp-content\/uploads\/2023\/09\/37-300x300.png 300w, https:\/\/katharinameyer.eu\/wp-content\/uploads\/2023\/09\/37-150x150.png 150w, https:\/\/katharinameyer.eu\/wp-content\/uploads\/2023\/09\/37-768x768.png 768w, https:\/\/katharinameyer.eu\/wp-content\/uploads\/2023\/09\/37-1536x1536.png 1536w, https:\/\/katharinameyer.eu\/wp-content\/uploads\/2023\/09\/elementor\/thumbs\/37-qce6t5x81llvevxxyvsvpomwnothzbkykuse3grjpk.png 500w, https:\/\/katharinameyer.eu\/wp-content\/uploads\/2023\/09\/elementor\/thumbs\/37-qce6t5x4e18kkvgqq57ddg3tjo6m01xsxh0vn9bvm8.png 200w, https:\/\/katharinameyer.eu\/wp-content\/uploads\/2023\/09\/elementor\/thumbs\/37-qce6t5x6tqtfsvs7jyxpllsjmclvbkd8p277y2abog.png 400w, https:\/\/katharinameyer.eu\/wp-content\/uploads\/2023\/09\/37.png 1563w\" sizes=\"(max-width: 1024px) 100vw, 1024px\" \/>\t\t\t\t\t\t\t\t\t\t\t\t\t\t\t<\/div>\n\t\t\t\t<\/div>\n\t\t\t\t<div class=\"elementor-element elementor-element-ee79f61 elementor-widget elementor-widget-heading\" data-id=\"ee79f61\" data-element_type=\"widget\" data-widget_type=\"heading.default\">\n\t\t\t\t<div class=\"elementor-widget-container\">\n\t\t\t<h4 class=\"elementor-heading-title elementor-size-default\">Sportphysiotherapie und Trainingstherapie<\/h4>\t\t<\/div>\n\t\t\t\t<\/div>\n\t\t\t\t<div class=\"elementor-element elementor-element-338ac3c elementor-widget elementor-widget-text-editor\" data-id=\"338ac3c\" data-element_type=\"widget\" data-widget_type=\"text-editor.default\">\n\t\t\t\t<div class=\"elementor-widget-container\">\n\t\t\t\t\t\t\t<p>Rehabilitation nach Sportverletzungen, individuelle Sportartanalyse und Leistungssteigerung sind die Grunds\u00e4tze in der Sportphysiotherapie<\/p>\t\t\t\t\t\t<\/div>\n\t\t\t\t<\/div>\n\t\t\t\t<div class=\"elementor-element elementor-element-5a70896 elementor-align-center elementor-widget elementor-widget-button\" data-id=\"5a70896\" data-element_type=\"widget\" data-widget_type=\"button.default\">\n\t\t\t\t<div class=\"elementor-widget-container\">\n\t\t\t\t\t<div class=\"elementor-button-wrapper\">\n\t\t\t<a class=\"elementor-button elementor-button-link elementor-size-sm\" href=\"https:\/\/katharinameyer.eu\/index.php\/sportphysiotherapie\/\" id=\"Sport_Info\">\n\t\t\t\t\t\t<span class=\"elementor-button-content-wrapper\">\n\t\t\t\t\t\t<span class=\"elementor-button-text\">Info<\/span>\n\t\t<\/span>\n\t\t\t\t\t<\/a>\n\t\t<\/div>\n\t\t\t\t<\/div>\n\t\t\t\t<\/div>\n\t\t\t\t\t<\/div>\n\t\t<\/div>\n\t\t\t\t<div class=\"elementor-column elementor-col-33 elementor-top-column elementor-element elementor-element-5963264\" data-id=\"5963264\" data-element_type=\"column\">\n\t\t\t<div class=\"elementor-widget-wrap elementor-element-populated\">\n\t\t\t\t\t\t\t\t<div class=\"elementor-element elementor-element-2b971a1 elementor-widget elementor-widget-image\" data-id=\"2b971a1\" data-element_type=\"widget\" data-widget_type=\"image.default\">\n\t\t\t\t<div class=\"elementor-widget-container\">\n\t\t\t\t\t\t\t\t\t\t\t\t\t\t\t<img decoding=\"async\" width=\"1024\" height=\"1024\" src=\"https:\/\/katharinameyer.eu\/wp-content\/uploads\/2023\/10\/48-pink-1024x1024.png\" class=\"attachment-large size-large wp-image-1671\" alt=\"\" loading=\"lazy\" srcset=\"https:\/\/katharinameyer.eu\/wp-content\/uploads\/2023\/10\/48-pink-1024x1024.png 1024w, https:\/\/katharinameyer.eu\/wp-content\/uploads\/2023\/10\/48-pink-300x300.png 300w, https:\/\/katharinameyer.eu\/wp-content\/uploads\/2023\/10\/48-pink-150x150.png 150w, https:\/\/katharinameyer.eu\/wp-content\/uploads\/2023\/10\/48-pink-768x768.png 768w, https:\/\/katharinameyer.eu\/wp-content\/uploads\/2023\/10\/elementor\/thumbs\/48-pink-qdbt1yokn60b97txs8ie1qzm79r6z9oz2dyriyvf60.png 500w, https:\/\/katharinameyer.eu\/wp-content\/uploads\/2023\/10\/48-pink.png 1125w\" sizes=\"(max-width: 1024px) 100vw, 1024px\" \/>\t\t\t\t\t\t\t\t\t\t\t\t\t\t\t<\/div>\n\t\t\t\t<\/div>\n\t\t\t\t<div class=\"elementor-element elementor-element-de4c0e2 elementor-widget elementor-widget-heading\" data-id=\"de4c0e2\" data-element_type=\"widget\" data-widget_type=\"heading.default\">\n\t\t\t\t<div class=\"elementor-widget-container\">\n\t\t\t<h4 class=\"elementor-heading-title elementor-size-default\">Pr\u00e4vention und Gesundheitsf\u00f6rderung<\/h4>\t\t<\/div>\n\t\t\t\t<\/div>\n\t\t\t\t<div class=\"elementor-element elementor-element-c387735 elementor-widget elementor-widget-text-editor\" data-id=\"c387735\" data-element_type=\"widget\" data-widget_type=\"text-editor.default\">\n\t\t\t\t<div class=\"elementor-widget-container\">\n\t\t\t\t\t\t\t<p>Vorbereitung durch Analyse und Trainingsplanung unseres K\u00f6rpers auf anfallende k\u00f6rperliche Belastungen im Alltag, in der Arbeit oder im Sport.<\/p>\t\t\t\t\t\t<\/div>\n\t\t\t\t<\/div>\n\t\t\t\t<div class=\"elementor-element elementor-element-c2f6de1 elementor-align-center elementor-widget elementor-widget-button\" data-id=\"c2f6de1\" data-element_type=\"widget\" data-widget_type=\"button.default\">\n\t\t\t\t<div class=\"elementor-widget-container\">\n\t\t\t\t\t<div class=\"elementor-button-wrapper\">\n\t\t\t<a class=\"elementor-button elementor-button-link elementor-size-sm\" href=\"https:\/\/katharinameyer.eu\/index.php\/praevention-und-gesundheitsfoerderung\/\" id=\"Pr\u00e4vention_Info\">\n\t\t\t\t\t\t<span class=\"elementor-button-content-wrapper\">\n\t\t\t\t\t\t<span class=\"elementor-button-text\">Info<\/span>\n\t\t<\/span>\n\t\t\t\t\t<\/a>\n\t\t<\/div>\n\t\t\t\t<\/div>\n\t\t\t\t<\/div>\n\t\t\t\t\t<\/div>\n\t\t<\/div>\n\t\t\t\t\t\t\t<\/div>\n\t\t<\/section>\n\t\t\t\t<section class=\"elementor-section elementor-top-section elementor-element elementor-element-a93ff07 elementor-section-boxed elementor-section-height-default elementor-section-height-default\" data-id=\"a93ff07\" data-element_type=\"section\">\n\t\t\t\t\t\t<div class=\"elementor-container elementor-column-gap-default\">\n\t\t\t\t\t<div class=\"elementor-column elementor-col-100 elementor-top-column elementor-element elementor-element-16397f2\" data-id=\"16397f2\" data-element_type=\"column\">\n\t\t\t<div class=\"elementor-widget-wrap elementor-element-populated\">\n\t\t\t\t\t\t\t\t<div class=\"elementor-element elementor-element-b17e325 elementor-widget elementor-widget-spacer\" data-id=\"b17e325\" data-element_type=\"widget\" data-widget_type=\"spacer.default\">\n\t\t\t\t<div class=\"elementor-widget-container\">\n\t\t\t\t\t<div class=\"elementor-spacer\">\n\t\t\t<div class=\"elementor-spacer-inner\"><\/div>\n\t\t<\/div>\n\t\t\t\t<\/div>\n\t\t\t\t<\/div>\n\t\t\t\t\t<\/div>\n\t\t<\/div>\n\t\t\t\t\t\t\t<\/div>\n\t\t<\/section>\n\t\t\t\t\t\t\t<\/div>\n\t\t","protected":false},"excerpt":{"rendered":"<p>Physiotherapie Ortho\/Unfall Zur Unterst\u00fctzung des k\u00f6rpereigenen Heilungsprozesses nach Unf\u00e4llen, Operationen oder orthop\u00e4dischen Problemen Info Sportphysiotherapie und Trainingstherapie Rehabilitation nach Sportverletzungen, individuelle Sportartanalyse und Leistungssteigerung sind die Grunds\u00e4tze in der Sportphysiotherapie Info Pr\u00e4vention und Gesundheitsf\u00f6rderung Vorbereitung durch Analyse und Trainingsplanung unseres K\u00f6rpers auf anfallende k\u00f6rperliche Belastungen im Alltag, in der Arbeit oder im Sport. Info<\/p>\n","protected":false},"author":1,"featured_media":0,"parent":0,"menu_order":0,"comment_status":"closed","ping_status":"closed","template":"","meta":{"site-sidebar-layout":"no-sidebar","site-content-layout":"page-builder","ast-global-header-display":"","ast-banner-title-visibility":"","ast-main-header-display":"","ast-hfb-above-header-display":"","ast-hfb-below-header-display":"","ast-hfb-mobile-header-display":"","site-post-title":"disabled","ast-breadcrumbs-content":"","ast-featured-img":"disabled","footer-sml-layout":"","theme-transparent-header-meta":"enabled","adv-header-id-meta":"","stick-header-meta":"","header-above-stick-meta":"","header-main-stick-meta":"","header-below-stick-meta":""},"yoast_head":"<!-- This site is optimized with the Yoast SEO plugin v21.5 - https:\/\/yoast.com\/wordpress\/plugins\/seo\/ -->\n<title>Leistungen -<\/title>\n<meta name=\"robots\" content=\"index, follow, max-snippet:-1, max-image-preview:large, max-video-preview:-1\" \/>\n<link rel=\"canonical\" href=\"https:\/\/katharinameyer.eu\/index.php\/services\/\" \/>\n<meta property=\"og:locale\" content=\"de_DE\" \/>\n<meta property=\"og:type\" content=\"article\" \/>\n<meta property=\"og:title\" content=\"Leistungen -\" \/>\n<meta property=\"og:description\" content=\"Physiotherapie Ortho\/Unfall Zur Unterst\u00fctzung des k\u00f6rpereigenen Heilungsprozesses nach Unf\u00e4llen, Operationen oder orthop\u00e4dischen Problemen Info Sportphysiotherapie und Trainingstherapie Rehabilitation nach Sportverletzungen, individuelle Sportartanalyse und Leistungssteigerung sind die Grunds\u00e4tze in der Sportphysiotherapie Info Pr\u00e4vention und Gesundheitsf\u00f6rderung Vorbereitung durch Analyse und Trainingsplanung unseres K\u00f6rpers auf anfallende k\u00f6rperliche Belastungen im Alltag, in der Arbeit oder im Sport. Info\" \/>\n<meta property=\"og:url\" content=\"https:\/\/katharinameyer.eu\/index.php\/services\/\" \/>\n<meta property=\"article:modified_time\" content=\"2023-10-23T12:58:13+00:00\" \/>\n<meta property=\"og:image\" content=\"http:\/\/katharinameyer.eu\/wp-content\/uploads\/2023\/09\/32-1024x1024.png\" \/>\n<meta name=\"twitter:card\" content=\"summary_large_image\" \/>\n<meta name=\"twitter:label1\" content=\"Gesch\u00e4tzte Lesezeit\" \/>\n\t<meta name=\"twitter:data1\" content=\"1 Minute\" \/>\n<script type=\"application\/ld+json\" class=\"yoast-schema-graph\">{\"@context\":\"https:\/\/schema.org\",\"@graph\":[{\"@type\":\"WebPage\",\"@id\":\"https:\/\/katharinameyer.eu\/index.php\/services\/\",\"url\":\"https:\/\/katharinameyer.eu\/index.php\/services\/\",\"name\":\"Leistungen -\",\"isPartOf\":{\"@id\":\"https:\/\/katharinameyer.eu\/#website\"},\"datePublished\":\"2021-11-21T15:14:41+00:00\",\"dateModified\":\"2023-10-23T12:58:13+00:00\",\"breadcrumb\":{\"@id\":\"https:\/\/katharinameyer.eu\/index.php\/services\/#breadcrumb\"},\"inLanguage\":\"de-AT\",\"potentialAction\":[{\"@type\":\"ReadAction\",\"target\":[\"https:\/\/katharinameyer.eu\/index.php\/services\/\"]}]},{\"@type\":\"BreadcrumbList\",\"@id\":\"https:\/\/katharinameyer.eu\/index.php\/services\/#breadcrumb\",\"itemListElement\":[{\"@type\":\"ListItem\",\"position\":1,\"name\":\"Startseite\",\"item\":\"https:\/\/katharinameyer.eu\/\"},{\"@type\":\"ListItem\",\"position\":2,\"name\":\"Leistungen\"}]},{\"@type\":\"WebSite\",\"@id\":\"https:\/\/katharinameyer.eu\/#website\",\"url\":\"https:\/\/katharinameyer.eu\/\",\"name\":\"\",\"description\":\"\",\"potentialAction\":[{\"@type\":\"SearchAction\",\"target\":{\"@type\":\"EntryPoint\",\"urlTemplate\":\"https:\/\/katharinameyer.eu\/?s={search_term_string}\"},\"query-input\":\"required name=search_term_string\"}],\"inLanguage\":\"de-AT\"}]}<\/script>\n<!-- \/ Yoast SEO plugin. -->","yoast_head_json":{"title":"Leistungen -","robots":{"index":"index","follow":"follow","max-snippet":"max-snippet:-1","max-image-preview":"max-image-preview:large","max-video-preview":"max-video-preview:-1"},"canonical":"https:\/\/katharinameyer.eu\/index.php\/services\/","og_locale":"de_DE","og_type":"article","og_title":"Leistungen -","og_description":"Physiotherapie Ortho\/Unfall Zur Unterst\u00fctzung des k\u00f6rpereigenen Heilungsprozesses nach Unf\u00e4llen, Operationen oder orthop\u00e4dischen Problemen Info Sportphysiotherapie und Trainingstherapie Rehabilitation nach Sportverletzungen, individuelle Sportartanalyse und Leistungssteigerung sind die Grunds\u00e4tze in der Sportphysiotherapie Info Pr\u00e4vention und Gesundheitsf\u00f6rderung Vorbereitung durch Analyse und Trainingsplanung unseres K\u00f6rpers auf anfallende k\u00f6rperliche Belastungen im Alltag, in der Arbeit oder im Sport. Info","og_url":"https:\/\/katharinameyer.eu\/index.php\/services\/","article_modified_time":"2023-10-23T12:58:13+00:00","og_image":[{"url":"http:\/\/katharinameyer.eu\/wp-content\/uploads\/2023\/09\/32-1024x1024.png"}],"twitter_card":"summary_large_image","twitter_misc":{"Gesch\u00e4tzte Lesezeit":"1 Minute"},"schema":{"@context":"https:\/\/schema.org","@graph":[{"@type":"WebPage","@id":"https:\/\/katharinameyer.eu\/index.php\/services\/","url":"https:\/\/katharinameyer.eu\/index.php\/services\/","name":"Leistungen -","isPartOf":{"@id":"https:\/\/katharinameyer.eu\/#website"},"datePublished":"2021-11-21T15:14:41+00:00","dateModified":"2023-10-23T12:58:13+00:00","breadcrumb":{"@id":"https:\/\/katharinameyer.eu\/index.php\/services\/#breadcrumb"},"inLanguage":"de-AT","potentialAction":[{"@type":"ReadAction","target":["https:\/\/katharinameyer.eu\/index.php\/services\/"]}]},{"@type":"BreadcrumbList","@id":"https:\/\/katharinameyer.eu\/index.php\/services\/#breadcrumb","itemListElement":[{"@type":"ListItem","position":1,"name":"Startseite","item":"https:\/\/katharinameyer.eu\/"},{"@type":"ListItem","position":2,"name":"Leistungen"}]},{"@type":"WebSite","@id":"https:\/\/katharinameyer.eu\/#website","url":"https:\/\/katharinameyer.eu\/","name":"","description":"","potentialAction":[{"@type":"SearchAction","target":{"@type":"EntryPoint","urlTemplate":"https:\/\/katharinameyer.eu\/?s={search_term_string}"},"query-input":"required name=search_term_string"}],"inLanguage":"de-AT"}]}},"_links":{"self":[{"href":"https:\/\/katharinameyer.eu\/index.php\/wp-json\/wp\/v2\/pages\/15"}],"collection":[{"href":"https:\/\/katharinameyer.eu\/index.php\/wp-json\/wp\/v2\/pages"}],"about":[{"href":"https:\/\/katharinameyer.eu\/index.php\/wp-json\/wp\/v2\/types\/page"}],"author":[{"embeddable":true,"href":"https:\/\/katharinameyer.eu\/index.php\/wp-json\/wp\/v2\/users\/1"}],"replies":[{"embeddable":true,"href":"https:\/\/katharinameyer.eu\/index.php\/wp-json\/wp\/v2\/comments?post=15"}],"version-history":[{"count":50,"href":"https:\/\/katharinameyer.eu\/index.php\/wp-json\/wp\/v2\/pages\/15\/revisions"}],"predecessor-version":[{"id":1853,"href":"https:\/\/katharinameyer.eu\/index.php\/wp-json\/wp\/v2\/pages\/15\/revisions\/1853"}],"wp:attachment":[{"href":"https:\/\/katharinameyer.eu\/index.php\/wp-json\/wp\/v2\/media?parent=15"}],"curies":[{"name":"wp","href":"https:\/\/api.w.org\/{rel}","templated":true}]}}