{"id":1685,"date":"2023-10-03T20:41:23","date_gmt":"2023-10-03T18:41:23","guid":{"rendered":"https:\/\/katharinameyer.eu\/?page_id=1685"},"modified":"2023-10-03T20:49:32","modified_gmt":"2023-10-03T18:49:32","slug":"impressum","status":"publish","type":"page","link":"https:\/\/katharinameyer.eu\/index.php\/impressum\/","title":{"rendered":"Impressum"},"content":{"rendered":"\t\t<div data-elementor-type=\"wp-page\" data-elementor-id=\"1685\" class=\"elementor elementor-1685\">\n\t\t\t\t\t\t\t\t\t<section class=\"elementor-section elementor-top-section elementor-element elementor-element-b1e68c0 elementor-section-boxed elementor-section-height-default elementor-section-height-default\" data-id=\"b1e68c0\" data-element_type=\"section\">\n\t\t\t\t\t\t<div class=\"elementor-container elementor-column-gap-default\">\n\t\t\t\t\t<div class=\"elementor-column elementor-col-100 elementor-top-column elementor-element elementor-element-dcef565\" data-id=\"dcef565\" data-element_type=\"column\">\n\t\t\t<div class=\"elementor-widget-wrap elementor-element-populated\">\n\t\t\t\t\t\t\t\t<div class=\"elementor-element elementor-element-7411466 elementor-widget elementor-widget-heading\" data-id=\"7411466\" data-element_type=\"widget\" data-widget_type=\"heading.default\">\n\t\t\t\t<div class=\"elementor-widget-container\">\n\t\t\t<style>\/*! elementor - v3.17.0 - 08-11-2023 *\/\n.elementor-heading-title{padding:0;margin:0;line-height:1}.elementor-widget-heading .elementor-heading-title[class*=elementor-size-]>a{color:inherit;font-size:inherit;line-height:inherit}.elementor-widget-heading .elementor-heading-title.elementor-size-small{font-size:15px}.elementor-widget-heading .elementor-heading-title.elementor-size-medium{font-size:19px}.elementor-widget-heading .elementor-heading-title.elementor-size-large{font-size:29px}.elementor-widget-heading .elementor-heading-title.elementor-size-xl{font-size:39px}.elementor-widget-heading .elementor-heading-title.elementor-size-xxl{font-size:59px}<\/style><h2 class=\"elementor-heading-title elementor-size-default\">Impressum<\/h2>\t\t<\/div>\n\t\t\t\t<\/div>\n\t\t\t\t\t<\/div>\n\t\t<\/div>\n\t\t\t\t\t\t\t<\/div>\n\t\t<\/section>\n\t\t\t\t<section class=\"elementor-section elementor-top-section elementor-element elementor-element-2e37c79 elementor-section-boxed elementor-section-height-default elementor-section-height-default\" data-id=\"2e37c79\" data-element_type=\"section\">\n\t\t\t\t\t\t<div class=\"elementor-container elementor-column-gap-default\">\n\t\t\t\t\t<div class=\"elementor-column elementor-col-100 elementor-top-column elementor-element elementor-element-2d5e13b\" data-id=\"2d5e13b\" data-element_type=\"column\">\n\t\t\t<div class=\"elementor-widget-wrap elementor-element-populated\">\n\t\t\t\t\t\t\t\t<div class=\"elementor-element elementor-element-9c55d81 elementor-widget elementor-widget-text-editor\" data-id=\"9c55d81\" data-element_type=\"widget\" data-widget_type=\"text-editor.default\">\n\t\t\t\t<div class=\"elementor-widget-container\">\n\t\t\t<style>\/*! elementor - v3.17.0 - 08-11-2023 *\/\n.elementor-widget-text-editor.elementor-drop-cap-view-stacked .elementor-drop-cap{background-color:#69727d;color:#fff}.elementor-widget-text-editor.elementor-drop-cap-view-framed .elementor-drop-cap{color:#69727d;border:3px solid;background-color:transparent}.elementor-widget-text-editor:not(.elementor-drop-cap-view-default) .elementor-drop-cap{margin-top:8px}.elementor-widget-text-editor:not(.elementor-drop-cap-view-default) .elementor-drop-cap-letter{width:1em;height:1em}.elementor-widget-text-editor .elementor-drop-cap{float:left;text-align:center;line-height:1;font-size:50px}.elementor-widget-text-editor .elementor-drop-cap-letter{display:inline-block}<\/style>\t\t\t\t<p><strong>Information gem\u00e4\u00df \u00a75 E-Commerce Gesetz und Offenlegung gem\u00e4\u00df \u00a7 25 Mediengesetz<\/strong> <strong>Diensteanbieterin und Medieninhabern:<\/strong> Katharina Meyer, BSc<br \/><strong>Anschrift:<\/strong> M\u00fchlfeldgasse 1\/22, 1020 Wien; \u00d6sterreich<br \/><strong>Telefon:<\/strong> +436765214647<br \/><strong>E-Mail:<\/strong> physiotherapie@katharinameyer.eu<br \/><strong>Internet:<\/strong> www.katharinameyer.eu<br \/><strong>Berufsbezeichnung:<\/strong> Physiotherapeutin\/Physiotherapeut<br \/><strong>Aufsichtsbeh\u00f6rde: <\/strong>Pr\u00fcfung der Berufsberechtigung und Registrierung nach dem Gesundheitsberuferegister-Gesetz (GBRG): zust\u00e4ndige Registrierungsbeh\u00f6rde nach GBRG.<br \/><strong>Zust\u00e4ndiger Berufsverband:<\/strong> Physio Austria, Bundesverband der PhysiotherapeutInnen \u00d6sterreichs <a href=\"http:\/\/www.physioaustria.at\">www.physioaustria.at<\/a><br \/><strong>Registrierung nach Gesundheitsberuferegister-Gesetz (GBRG) zust\u00e4ndige Beh\u00f6rde:<\/strong> ausstellende Beh\u00f6rde: AK Nieder\u00f6sterreich \/ Eintragungsnummer: 20-GBR-192607 \/Datum: 19.10.2020<br \/><strong>Die T\u00e4tigkeit unterliegt dem MTD-Gesetz<\/strong> <strong>(BGBlNr. 460\/1992 in der geltenden Fassun<\/strong>g) (Link zu http:\/\/www.ris.bka.gv.at\/bgbl\/)<\/p>\t\t\t\t\t\t<\/div>\n\t\t\t\t<\/div>\n\t\t\t\t\t<\/div>\n\t\t<\/div>\n\t\t\t\t\t\t\t<\/div>\n\t\t<\/section>\n\t\t\t\t<section class=\"elementor-section elementor-top-section elementor-element elementor-element-7ffceb1 elementor-section-boxed elementor-section-height-default elementor-section-height-default\" data-id=\"7ffceb1\" data-element_type=\"section\">\n\t\t\t\t\t\t<div class=\"elementor-container elementor-column-gap-default\">\n\t\t\t\t\t<div class=\"elementor-column elementor-col-100 elementor-top-column elementor-element elementor-element-dbbfe07\" data-id=\"dbbfe07\" data-element_type=\"column\">\n\t\t\t<div class=\"elementor-widget-wrap elementor-element-populated\">\n\t\t\t\t\t\t\t\t<div class=\"elementor-element elementor-element-6156b19 elementor-widget elementor-widget-text-editor\" data-id=\"6156b19\" data-element_type=\"widget\" data-widget_type=\"text-editor.default\">\n\t\t\t\t<div class=\"elementor-widget-container\">\n\t\t\t\t\t\t\t<p><strong>Haftungsausschluss<\/strong><br \/>Der Betreiber dieser Webseite erstellt alle Informationen auf dieser Webseite mit gro\u00dfer Sorgfalt<br \/>und ist darum bem\u00fcht, Aktualit\u00e4t, Korrektheit und Vollst\u00e4ndigkeit sicher zu stellen. Alle<br \/>Informationen dieser Webseite werden ohne Anspruch auf Richtigkeit, Vollst\u00e4ndigkeit oder<br \/>Aktualit\u00e4t zur Verf\u00fcgung gestellt. Alle Inhalte sind zur allgemeinen Information bestimmt, ersetzen<br \/>jedoch keine \u00e4rztliche\/physiotherapeutische Behandlung und stellen keine gesch\u00e4ftliche, rechtliche<br \/>oder sonstige Beratungsdienstleistung dar.<br \/>Diese Webseite kann Links zu externen Webseiten enthalten, f\u00fcr deren Inhalte der Betreiber dieser<br \/>Webseite jedoch keine wie immer geartete Verantwortung oder Haftung \u00fcbernimmt.<br \/>F\u00fcr Internetseiten Dritter, auf die diese Webseite durch Links verweist, tragen die jeweiligen<br \/>Betreiber die Verantwortung. Des Weiteren kann die Webseite ohne Wissen des Betreibers von<br \/>anderen Seiten mittels Links verlinkt werden. Der Betreiber \u00fcbernimmt keine wie immer geartete<br \/>Haftung und Verantwortung f\u00fcr fremde Websites, von denen durch Links bzw. Hyperlinks auf diese<br \/>Website verwiesen wird.<br \/>F\u00fcr die auf dieser Webseite gesetzten Links zu Webseiten Dritter und fremde Inhalte ist der<br \/>Betreiber nur dann verantwortlich, wenn von ihnen (d. h. auch von einem rechtswidrigen oder<br \/>strafbaren Inhalt) positive Kenntnis vorliegt und es technisch m\u00f6glich und zumutbar ist, deren<br \/>Nutzung zu verhindern. Der Betreiber ist nach dem E-Commerce-Gesetz jedoch nicht verpflichtet,<br \/>die fremden Inhalte st\u00e4ndig zu \u00fcberpr\u00fcfen.<br \/>Sollten Sie auf dieser Webseite oder auf solchen, auf die verwiesen\/verlinkt wird, bedenkliche oder<br \/>rechtswidrige Inhalte feststellen, ist der Betreiber f\u00fcr einen entsprechenden Hinweis dankbar.<\/p>\t\t\t\t\t\t<\/div>\n\t\t\t\t<\/div>\n\t\t\t\t\t<\/div>\n\t\t<\/div>\n\t\t\t\t\t\t\t<\/div>\n\t\t<\/section>\n\t\t\t\t<section class=\"elementor-section elementor-top-section elementor-element elementor-element-7fd2083 elementor-section-boxed elementor-section-height-default elementor-section-height-default\" data-id=\"7fd2083\" data-element_type=\"section\">\n\t\t\t\t\t\t<div class=\"elementor-container elementor-column-gap-default\">\n\t\t\t\t\t<div class=\"elementor-column elementor-col-100 elementor-top-column elementor-element elementor-element-ea3815e\" data-id=\"ea3815e\" data-element_type=\"column\">\n\t\t\t<div class=\"elementor-widget-wrap elementor-element-populated\">\n\t\t\t\t\t\t\t\t<div class=\"elementor-element elementor-element-816f339 elementor-widget elementor-widget-text-editor\" data-id=\"816f339\" data-element_type=\"widget\" data-widget_type=\"text-editor.default\">\n\t\t\t\t<div class=\"elementor-widget-container\">\n\t\t\t\t\t\t\t<p><strong>Hinweis zum Urheberrecht\/Copyright<\/strong><br \/>Die Inhalte der Website sind urheberrechtlich gesch\u00fctzt und nur f\u00fcr die pers\u00f6nliche Verwendung<br \/>bestimmt. Jede den Bestimmungen des Urheberrechtsgesetzes widersprechende Verwendung von<br \/>Inhalten dieser Website ohne ausdr\u00fcckliche vorherige Zustimmung des Betreibers ist untersagt.<br \/>Jede weitergehende Nutzung insbesondere die Speicherung in Datenbanken, Vervielf\u00e4ltigung und<br \/>jede Form von gewerblicher Nutzung sowie die Weitergabe an Dritte &#8211; auch in Teilen oder in<br \/>\u00fcberarbeiteter Form &#8211; ohne Zustimmung des Betreibers ist untersagt.<br \/>Soweit nicht anders angegeben, liegen die Urheber,- und Nutzungsrechte (Copyright) f\u00fcr Texte,<br \/>Abbildungen, Grafiken, Bilder, Design und Quellcode dieser Webseite bei Katharina Meyer\u00a0als Betreiber dieser Webseite.<br \/>Verantwortlich f\u00fcr den Inhalt dieser Webseite ist Katharina Meyer (=Physiotherapeutin, Betreiberin der Webseite)<br \/>Webdesign und Implementierung: Katharina Meyer<\/p>\t\t\t\t\t\t<\/div>\n\t\t\t\t<\/div>\n\t\t\t\t\t<\/div>\n\t\t<\/div>\n\t\t\t\t\t\t\t<\/div>\n\t\t<\/section>\n\t\t\t\t\t\t\t<\/div>\n\t\t","protected":false},"excerpt":{"rendered":"<p>Impressum Information gem\u00e4\u00df \u00a75 E-Commerce Gesetz und Offenlegung gem\u00e4\u00df \u00a7 25 Mediengesetz Diensteanbieterin und Medieninhabern: Katharina Meyer, BScAnschrift: M\u00fchlfeldgasse 1\/22, 1020 Wien; \u00d6sterreichTelefon: +436765214647E-Mail: physiotherapie@katharinameyer.euInternet: www.katharinameyer.euBerufsbezeichnung: Physiotherapeutin\/PhysiotherapeutAufsichtsbeh\u00f6rde: Pr\u00fcfung der Berufsberechtigung und Registrierung nach dem Gesundheitsberuferegister-Gesetz (GBRG): zust\u00e4ndige Registrierungsbeh\u00f6rde nach GBRG.Zust\u00e4ndiger Berufsverband: Physio Austria, Bundesverband der PhysiotherapeutInnen \u00d6sterreichs www.physioaustria.atRegistrierung nach Gesundheitsberuferegister-Gesetz (GBRG) zust\u00e4ndige Beh\u00f6rde: ausstellende Beh\u00f6rde: &hellip;<\/p>\n<p class=\"read-more\"> <a class=\"\" href=\"https:\/\/katharinameyer.eu\/index.php\/impressum\/\"> <span class=\"screen-reader-text\">Impressum<\/span> Read More &raquo;<\/a><\/p>\n","protected":false},"author":1,"featured_media":0,"parent":0,"menu_order":0,"comment_status":"closed","ping_status":"closed","template":"","meta":{"site-sidebar-layout":"no-sidebar","site-content-layout":"page-builder","ast-global-header-display":"","ast-banner-title-visibility":"","ast-main-header-display":"","ast-hfb-above-header-display":"","ast-hfb-below-header-display":"","ast-hfb-mobile-header-display":"","site-post-title":"disabled","ast-breadcrumbs-content":"","ast-featured-img":"disabled","footer-sml-layout":"","theme-transparent-header-meta":"","adv-header-id-meta":"","stick-header-meta":"","header-above-stick-meta":"","header-main-stick-meta":"","header-below-stick-meta":""},"yoast_head":"<!-- This site is optimized with the Yoast SEO plugin v21.5 - https:\/\/yoast.com\/wordpress\/plugins\/seo\/ -->\n<title>Impressum -<\/title>\n<meta name=\"robots\" content=\"index, follow, max-snippet:-1, max-image-preview:large, max-video-preview:-1\" \/>\n<link rel=\"canonical\" href=\"https:\/\/katharinameyer.eu\/index.php\/impressum\/\" \/>\n<meta property=\"og:locale\" content=\"de_DE\" \/>\n<meta property=\"og:type\" content=\"article\" \/>\n<meta property=\"og:title\" content=\"Impressum -\" \/>\n<meta property=\"og:description\" content=\"Impressum Information gem\u00e4\u00df \u00a75 E-Commerce Gesetz und Offenlegung gem\u00e4\u00df \u00a7 25 Mediengesetz Diensteanbieterin und Medieninhabern: Katharina Meyer, BScAnschrift: M\u00fchlfeldgasse 1\/22, 1020 Wien; \u00d6sterreichTelefon: +436765214647E-Mail: physiotherapie@katharinameyer.euInternet: www.katharinameyer.euBerufsbezeichnung: Physiotherapeutin\/PhysiotherapeutAufsichtsbeh\u00f6rde: Pr\u00fcfung der Berufsberechtigung und Registrierung nach dem Gesundheitsberuferegister-Gesetz (GBRG): zust\u00e4ndige Registrierungsbeh\u00f6rde nach GBRG.Zust\u00e4ndiger Berufsverband: Physio Austria, Bundesverband der PhysiotherapeutInnen \u00d6sterreichs www.physioaustria.atRegistrierung nach Gesundheitsberuferegister-Gesetz (GBRG) zust\u00e4ndige Beh\u00f6rde: ausstellende Beh\u00f6rde: &hellip; Impressum Read More &raquo;\" \/>\n<meta property=\"og:url\" content=\"https:\/\/katharinameyer.eu\/index.php\/impressum\/\" \/>\n<meta property=\"article:modified_time\" content=\"2023-10-03T18:49:32+00:00\" \/>\n<meta name=\"twitter:card\" content=\"summary_large_image\" \/>\n<meta name=\"twitter:label1\" content=\"Gesch\u00e4tzte Lesezeit\" \/>\n\t<meta name=\"twitter:data1\" content=\"2 Minuten\" \/>\n<script type=\"application\/ld+json\" class=\"yoast-schema-graph\">{\"@context\":\"https:\/\/schema.org\",\"@graph\":[{\"@type\":\"WebPage\",\"@id\":\"https:\/\/katharinameyer.eu\/index.php\/impressum\/\",\"url\":\"https:\/\/katharinameyer.eu\/index.php\/impressum\/\",\"name\":\"Impressum -\",\"isPartOf\":{\"@id\":\"https:\/\/katharinameyer.eu\/#website\"},\"datePublished\":\"2023-10-03T18:41:23+00:00\",\"dateModified\":\"2023-10-03T18:49:32+00:00\",\"breadcrumb\":{\"@id\":\"https:\/\/katharinameyer.eu\/index.php\/impressum\/#breadcrumb\"},\"inLanguage\":\"de-AT\",\"potentialAction\":[{\"@type\":\"ReadAction\",\"target\":[\"https:\/\/katharinameyer.eu\/index.php\/impressum\/\"]}]},{\"@type\":\"BreadcrumbList\",\"@id\":\"https:\/\/katharinameyer.eu\/index.php\/impressum\/#breadcrumb\",\"itemListElement\":[{\"@type\":\"ListItem\",\"position\":1,\"name\":\"Startseite\",\"item\":\"https:\/\/katharinameyer.eu\/\"},{\"@type\":\"ListItem\",\"position\":2,\"name\":\"Impressum\"}]},{\"@type\":\"WebSite\",\"@id\":\"https:\/\/katharinameyer.eu\/#website\",\"url\":\"https:\/\/katharinameyer.eu\/\",\"name\":\"\",\"description\":\"\",\"potentialAction\":[{\"@type\":\"SearchAction\",\"target\":{\"@type\":\"EntryPoint\",\"urlTemplate\":\"https:\/\/katharinameyer.eu\/?s={search_term_string}\"},\"query-input\":\"required name=search_term_string\"}],\"inLanguage\":\"de-AT\"}]}<\/script>\n<!-- \/ Yoast SEO plugin. -->","yoast_head_json":{"title":"Impressum -","robots":{"index":"index","follow":"follow","max-snippet":"max-snippet:-1","max-image-preview":"max-image-preview:large","max-video-preview":"max-video-preview:-1"},"canonical":"https:\/\/katharinameyer.eu\/index.php\/impressum\/","og_locale":"de_DE","og_type":"article","og_title":"Impressum -","og_description":"Impressum Information gem\u00e4\u00df \u00a75 E-Commerce Gesetz und Offenlegung gem\u00e4\u00df \u00a7 25 Mediengesetz Diensteanbieterin und Medieninhabern: Katharina Meyer, BScAnschrift: M\u00fchlfeldgasse 1\/22, 1020 Wien; \u00d6sterreichTelefon: +436765214647E-Mail: physiotherapie@katharinameyer.euInternet: www.katharinameyer.euBerufsbezeichnung: Physiotherapeutin\/PhysiotherapeutAufsichtsbeh\u00f6rde: Pr\u00fcfung der Berufsberechtigung und Registrierung nach dem Gesundheitsberuferegister-Gesetz (GBRG): zust\u00e4ndige Registrierungsbeh\u00f6rde nach GBRG.Zust\u00e4ndiger Berufsverband: Physio Austria, Bundesverband der PhysiotherapeutInnen \u00d6sterreichs www.physioaustria.atRegistrierung nach Gesundheitsberuferegister-Gesetz (GBRG) zust\u00e4ndige Beh\u00f6rde: ausstellende Beh\u00f6rde: &hellip; Impressum Read More &raquo;","og_url":"https:\/\/katharinameyer.eu\/index.php\/impressum\/","article_modified_time":"2023-10-03T18:49:32+00:00","twitter_card":"summary_large_image","twitter_misc":{"Gesch\u00e4tzte Lesezeit":"2 Minuten"},"schema":{"@context":"https:\/\/schema.org","@graph":[{"@type":"WebPage","@id":"https:\/\/katharinameyer.eu\/index.php\/impressum\/","url":"https:\/\/katharinameyer.eu\/index.php\/impressum\/","name":"Impressum -","isPartOf":{"@id":"https:\/\/katharinameyer.eu\/#website"},"datePublished":"2023-10-03T18:41:23+00:00","dateModified":"2023-10-03T18:49:32+00:00","breadcrumb":{"@id":"https:\/\/katharinameyer.eu\/index.php\/impressum\/#breadcrumb"},"inLanguage":"de-AT","potentialAction":[{"@type":"ReadAction","target":["https:\/\/katharinameyer.eu\/index.php\/impressum\/"]}]},{"@type":"BreadcrumbList","@id":"https:\/\/katharinameyer.eu\/index.php\/impressum\/#breadcrumb","itemListElement":[{"@type":"ListItem","position":1,"name":"Startseite","item":"https:\/\/katharinameyer.eu\/"},{"@type":"ListItem","position":2,"name":"Impressum"}]},{"@type":"WebSite","@id":"https:\/\/katharinameyer.eu\/#website","url":"https:\/\/katharinameyer.eu\/","name":"","description":"","potentialAction":[{"@type":"SearchAction","target":{"@type":"EntryPoint","urlTemplate":"https:\/\/katharinameyer.eu\/?s={search_term_string}"},"query-input":"required name=search_term_string"}],"inLanguage":"de-AT"}]}},"_links":{"self":[{"href":"https:\/\/katharinameyer.eu\/index.php\/wp-json\/wp\/v2\/pages\/1685"}],"collection":[{"href":"https:\/\/katharinameyer.eu\/index.php\/wp-json\/wp\/v2\/pages"}],"about":[{"href":"https:\/\/katharinameyer.eu\/index.php\/wp-json\/wp\/v2\/types\/page"}],"author":[{"embeddable":true,"href":"https:\/\/katharinameyer.eu\/index.php\/wp-json\/wp\/v2\/users\/1"}],"replies":[{"embeddable":true,"href":"https:\/\/katharinameyer.eu\/index.php\/wp-json\/wp\/v2\/comments?post=1685"}],"version-history":[{"count":4,"href":"https:\/\/katharinameyer.eu\/index.php\/wp-json\/wp\/v2\/pages\/1685\/revisions"}],"predecessor-version":[{"id":1690,"href":"https:\/\/katharinameyer.eu\/index.php\/wp-json\/wp\/v2\/pages\/1685\/revisions\/1690"}],"wp:attachment":[{"href":"https:\/\/katharinameyer.eu\/index.php\/wp-json\/wp\/v2\/media?parent=1685"}],"curies":[{"name":"wp","href":"https:\/\/api.w.org\/{rel}","templated":true}]}}